{"id":1810,"date":"2025-02-25T16:30:51","date_gmt":"2025-02-25T21:30:51","guid":{"rendered":"https:\/\/hypelabs.dev\/lgo-new\/?page_id=1810"},"modified":"2026-02-20T14:37:45","modified_gmt":"2026-02-20T19:37:45","slug":"maison-vice-royale","status":"publish","type":"page","link":"https:\/\/lgontario.ca\/fr\/son-honneur\/maison-vice-royale\/","title":{"rendered":"Maison vice-royale"},"content":{"rendered":"<p>La maison vice-royale du Bureau de la lieutenante-gouverneure de l\u2019Ontario d\u00e9signe l\u2019\u00e9quipe d\u00e9vou\u00e9e qui soutient la lieutenante-gouverneure dans l\u2019exercice de ses fonctions officielles.<\/p>\n<p>Cette \u00e9quipe se compose notamment de la chef de cabinet, de l&#8217;adjointe ex\u00e9cutive et d&#8217;autres collaborateurs cl\u00e9s qui assurent la gestion des op\u00e9rations quotidiennes et la coordination des \u00e9v\u00e9nements.<\/p>\n<p>La maison vice-royale compte \u00e9galement <a href=\"https:\/\/lgontario.ca\/fr\/son-honneur\/aides-de-camp\/\">un corps d&#8217;aides de camp honoraires<\/a> et de b\u00e9n\u00e9voles, souvent issus de divers services en uniforme, qui mettent g\u00e9n\u00e9reusement leur temps \u00e0 contribution pour accompagner et assister la lieutenante-gouverneure lors de ses engagements officiels.<\/p>\n","protected":false},"excerpt":{"rendered":"<p>La maison vice-royale du Bureau de la lieutenante-gouverneure de l\u2019Ontario d\u00e9signe l\u2019\u00e9quipe d\u00e9vou\u00e9e qui soutient la lieutenante-gouverneure dans l\u2019exercice de ses fonctions officielles. Cette \u00e9quipe se compose notamment de la chef de cabinet, de l&#8217;adjointe ex\u00e9cutive et d&#8217;autres collaborateurs cl\u00e9s qui assurent la gestion des op\u00e9rations quotidiennes et la coordination des \u00e9v\u00e9nements. La maison vice-royale [&hellip;]<\/p>\n","protected":false},"author":1,"featured_media":2228,"parent":1812,"menu_order":3,"comment_status":"closed","ping_status":"closed","template":"","meta":{"_acf_changed":false,"footnotes":""},"class_list":["post-1810","page","type-page","status-publish","has-post-thumbnail","hentry"],"acf":[],"_links":{"self":[{"href":"https:\/\/lgontario.ca\/fr\/wp-json\/wp\/v2\/pages\/1810","targetHints":{"allow":["GET"]}}],"collection":[{"href":"https:\/\/lgontario.ca\/fr\/wp-json\/wp\/v2\/pages"}],"about":[{"href":"https:\/\/lgontario.ca\/fr\/wp-json\/wp\/v2\/types\/page"}],"author":[{"embeddable":true,"href":"https:\/\/lgontario.ca\/fr\/wp-json\/wp\/v2\/users\/1"}],"replies":[{"embeddable":true,"href":"https:\/\/lgontario.ca\/fr\/wp-json\/wp\/v2\/comments?post=1810"}],"version-history":[{"count":10,"href":"https:\/\/lgontario.ca\/fr\/wp-json\/wp\/v2\/pages\/1810\/revisions"}],"predecessor-version":[{"id":2381,"href":"https:\/\/lgontario.ca\/fr\/wp-json\/wp\/v2\/pages\/1810\/revisions\/2381"}],"up":[{"embeddable":true,"href":"https:\/\/lgontario.ca\/fr\/wp-json\/wp\/v2\/pages\/1812"}],"wp:featuredmedia":[{"embeddable":true,"href":"https:\/\/lgontario.ca\/fr\/wp-json\/wp\/v2\/media\/2228"}],"wp:attachment":[{"href":"https:\/\/lgontario.ca\/fr\/wp-json\/wp\/v2\/media?parent=1810"}],"curies":[{"name":"wp","href":"https:\/\/api.w.org\/{rel}","templated":true}]}}