{"id":329,"date":"2025-02-25T16:07:11","date_gmt":"2025-02-25T21:07:11","guid":{"rendered":"https:\/\/hypelabs.dev\/lgo-new\/accueil\/"},"modified":"2025-12-15T12:57:37","modified_gmt":"2025-12-15T17:57:37","slug":"accueil","status":"publish","type":"page","link":"https:\/\/lgontario.ca\/fr\/","title":{"rendered":"Accueil"},"content":{"rendered":"<p>Lorem ipsum dolor sit amet, consectetur adipiscing elit. Fusce quis est maximus, maximus orci sollicitudin, feugiat nibh. Duis porttitor luctus nibh, viverra commodo ipsum lacinia id. Praesent nec vestibulum sapien. Quisque dictum ligula consectetur aliquet molestie. Mauris ante purus, ultrices id varius quis, egestas sed velit. Nunc elementum libero eget nulla fermentum, in varius nibh semper. Nam nec odio non tortor pharetra tempus eu ac felis. Donec ante ante, lacinia eget odio sagittis, sollicitudin consequat lacus. Les deux parties de l&#8217;image ont \u00e9t\u00e9 mises en \u00e9vidence, et le contenu de l&#8217;image a \u00e9t\u00e9 modifi\u00e9 en fonction des besoins. In hac habitasse platea dictumst. Nam vitae quam vulputate, rhoncus quam at, tincidunt est.<\/p>\n<p>Fusce blandit dolor enim, vitae rhoncus nisl eleifend vel. Aenean et lorem risus. Sed congue nunc eget dapibus vehicula. Quisque odio urna, finibus nec ornare vitae, rutrum non quam. Quisque nibh libero, laoreet vel augue quis, consectetur efficitur metus. Donec posuere feugiat varius. Cras luctus ac enim mattis scelerisque. Pellentesque sed eros nibh. Ut vitae risus ut turpis feugiat dignissim et vitae lacus. Duis a nunc leo.<\/p>\n<p>Vestibulum quis nisl nec ante scelerisque mollis eget ac odio. Fusce quam magna, efficitur quis magna vitae, aliquet elementum tellus. Phasellus eleifend, metus eu sollicitudin hendrerit, magna dolor scelerisque magna, pellentesque gravida ante mauris non arcu. Morbi neque tortor, viverra et rutrum eget, fringilla ut ex. Etiam at sem ac diam tempus maximus in sit amet erat. Les deux hommes se sont mis \u00e0 travailler ensemble, mais ils n&#8217;ont pas r\u00e9ussi \u00e0 s&#8217;entendre, ce qui leur a valu de se retrouver dans la m\u00eame situation. Mauris pulvinar urna a dictum pretium. Quisque sed est non dolor viverra blandit ut et lorem. Quisque tortor magna, sagittis ut tempus ac, consequat sed sapien. Duis ut justo massa. Duis egestas scelerisque ligula, vel luctus sem interdum vitae. Aenean gravida, ante ut aliquet dapibus, est magna ornare lacus, sed consectetur lectus sem in massa. Duis in ex sed lectus semper vulputate vel at sem. Quisque laoreet scelerisque tortor, in pharetra mauris dignissim at. Etiam efficitur turpis risus, et laoreet mi luctus sit amet.<\/p>\n<p>Donec et molestie felis, pulvinar posuere turpis. Curabitur dignissim cursus est, sit amet fringilla nisl mollis ac. Ut interdum sapien mi. Nulla tempor ligula nec ex bibendum, sit amet ultrices dui faucibus. Nullam euismod, nisi ut cursus feugiat, lorem augue scelerisque nulla, quis convallis neque sapien sit amet risus. Duis interdum vitae quam eu blandit. Aliquam rhoncus justo sit amet sapien consequat, pretium finibus diam congue. Mauris sit amet justo est. Duis fringilla sem sed nunc blandit, vel venenatis velit rhoncus. Nulla eleifend lectus erat, at vulputate velit suscipit fermentum. Pellentesque augue enim, laoreet id elementum a, placerat eu diam. Quisque ut tincidunt turpis.<\/p>\n<p>Etiam finibus, nunc eget tempus tempus, nibh dolor posuere mi, sed placerat nibh dui eleifend sapien. Quisque blandit dolor ac vulputate porttitor. Curabitur lacus massa, euismod vel suscipit id, laoreet quis tortor. Nulla rutrum aliquam quam a vestibulum. Sed congue egestas neque et vestibulum. Aenean molestie lacinia nulla non tempus. Aliquam sed ligula ac est vestibulum pellentesque. Mauris pellentesque consequat neque, sit amet mollis diam eleifend a. Pellentesque vel eros odio. Curabitur mi dolor, posuere nec eros ac, lobortis blandit felis. In fringilla metus justo, ut lobortis nulla mollis a. In pretium in sapien in convallis. Aenean ac imperdiet sem. Sed iaculis dapibus luctus. In elit ante, mollis ac tellus non, luctus sollicitudin enim.<\/p>\n","protected":false},"excerpt":{"rendered":"<p>Lorem ipsum dolor sit amet, consectetur adipiscing elit. Fusce quis est maximus, maximus orci sollicitudin, feugiat nibh. Duis porttitor luctus nibh, viverra commodo ipsum lacinia id. Praesent nec vestibulum sapien. Quisque dictum ligula consectetur aliquet molestie. Mauris ante purus, ultrices id varius quis, egestas sed velit. Nunc elementum libero eget nulla fermentum, in varius nibh [&hellip;]<\/p>\n","protected":false},"author":1,"featured_media":0,"parent":0,"menu_order":0,"comment_status":"closed","ping_status":"closed","template":"page-home.php","meta":{"_acf_changed":false,"footnotes":""},"class_list":["post-329","page","type-page","status-publish","hentry"],"acf":{"video":"https:\/\/www.youtube.com\/watch?v=9e5SLsP9-FQ"},"_links":{"self":[{"href":"https:\/\/lgontario.ca\/fr\/wp-json\/wp\/v2\/pages\/329","targetHints":{"allow":["GET"]}}],"collection":[{"href":"https:\/\/lgontario.ca\/fr\/wp-json\/wp\/v2\/pages"}],"about":[{"href":"https:\/\/lgontario.ca\/fr\/wp-json\/wp\/v2\/types\/page"}],"author":[{"embeddable":true,"href":"https:\/\/lgontario.ca\/fr\/wp-json\/wp\/v2\/users\/1"}],"replies":[{"embeddable":true,"href":"https:\/\/lgontario.ca\/fr\/wp-json\/wp\/v2\/comments?post=329"}],"version-history":[{"count":3,"href":"https:\/\/lgontario.ca\/fr\/wp-json\/wp\/v2\/pages\/329\/revisions"}],"predecessor-version":[{"id":1982,"href":"https:\/\/lgontario.ca\/fr\/wp-json\/wp\/v2\/pages\/329\/revisions\/1982"}],"wp:attachment":[{"href":"https:\/\/lgontario.ca\/fr\/wp-json\/wp\/v2\/media?parent=329"}],"curies":[{"name":"wp","href":"https:\/\/api.w.org\/{rel}","templated":true}]}}