{"id":360,"date":"2025-03-17T21:39:48","date_gmt":"2025-03-18T01:39:48","guid":{"rendered":"https:\/\/hypelabs.dev\/lgo-new\/?page_id=360"},"modified":"2026-01-27T13:34:05","modified_gmt":"2026-01-27T18:34:05","slug":"hommage-aux-ontariens-et-ontariennes","status":"publish","type":"page","link":"https:\/\/lgontario.ca\/fr\/apprendre\/role-communautaire\/hommage-aux-ontariens-et-ontariennes\/","title":{"rendered":"Hommage aux Ontariennes et aux Ontariens"},"content":{"rendered":"<p>\u00c0 titre de repr\u00e9sentante de la Couronne, la lieutenante-gouverneure souligne l\u2019apport des Ontariennes et des Ontariens gr\u00e2ce \u00e0 un r\u00e9gime de distinctions honorifiques. Ces reconnaissances c\u00e9l\u00e8brent l\u2019excellence, les r\u00e9alisations et les contributions de personnes remarquables de tous \u00e2ges et de tous horizons. En mettant en lumi\u00e8re leur engagement, elles renforcent le tissu social de la province et inspirent notre soci\u00e9t\u00e9. Tout au long de l\u2019ann\u00e9e, lors des c\u00e9r\u00e9monies de remise, la lieutenante-gouverneure se fait un honneur de souligner le m\u00e9rite de celles et ceux qui contribuent de mani\u00e8re remarquable \u00e0 la vitalit\u00e9 de leur communaut\u00e9.<\/p>\n<h2>Distinctions et prix d\u00e9cern\u00e9s par l\u2019Ontario<\/h2>\n<p>Le gouvernement de l\u2019Ontario a cr\u00e9\u00e9 plusieurs distinctions et prix officiels, qui sont d\u00e9cern\u00e9s par la lieutenante-gouverneure. Pour ce faire, les candidatures sont soumises \u00e0 un conseil consultatif ind\u00e9pendant, qui transmet ensuite ses recommandations au gouvernement.<\/p>\n<h3>Ordre de l\u2019Ontario<\/h3>\n<p><img decoding=\"async\" class=\"alignleft wp-image-1171 lazyload\" data-src=\"https:\/\/lgontario.ca\/custom\/uploads\/2025\/11\/order-of-ontario-web.png\" alt=\"Order of Ontario insignia\" width=\"208\" height=\"284\" src=\"data:image\/svg+xml;base64,PHN2ZyB3aWR0aD0iMSIgaGVpZ2h0PSIxIiB4bWxucz0iaHR0cDovL3d3dy53My5vcmcvMjAwMC9zdmciPjwvc3ZnPg==\" style=\"--smush-placeholder-width: 208px; --smush-placeholder-aspect-ratio: 208\/284;\" \/>L\u2019Ordre de l\u2019Ontario est la plus haute distinction civile de la province. Il vise \u00e0 reconna\u00eetre les Ontariens et Ontariennes qui ont fait preuve du plus haut niveau d\u2019excellence et dont les r\u00e9alisations dans leur domaine ont eu des r\u00e9percussions favorables sur notre province, notre pays ou dans le monde entier. La lieutenante-gouverneure agit en qualit\u00e9 de chanceli\u00e8re tout au long de son mandat et pr\u00e9side la c\u00e9r\u00e9monie annuelle d\u2019investiture.<\/p>\n<p>Pour en savoir plus sur cette distinction et sur la mani\u00e8re de nommer des personnes qui m\u00e9ritent un tel honneur, <a href=\"https:\/\/www.ontario.ca\/fr\/page\/lordre-de-lontario\" target=\"_blank\" rel=\"noopener\">cliquez ici<\/a><\/p>\n<h2>M\u00e9dailles de l\u2019Ontario<\/h2>\n<h3>M\u00e9daille du m\u00e9rite civique de l\u2019Ontario de la reine Elizabeth\u00a0II<\/h3>\n<p><img decoding=\"async\" class=\"alignleft wp-image-1174 lazyload\" data-src=\"https:\/\/lgontario.ca\/custom\/uploads\/2025\/11\/medal-good-citizenship.png\" alt=\"Ontario Medal for Good Citizenship\" width=\"91\" height=\"125\" src=\"data:image\/svg+xml;base64,PHN2ZyB3aWR0aD0iMSIgaGVpZ2h0PSIxIiB4bWxucz0iaHR0cDovL3d3dy53My5vcmcvMjAwMC9zdmciPjwvc3ZnPg==\" style=\"--smush-placeholder-width: 91px; --smush-placeholder-aspect-ratio: 91\/125;\" \/>Rend hommage \u00e0 des personnes pour leurs efforts exceptionnels \u00e0 long terme et leurs contributions remarquables au bien-\u00eatre de leurs communaut\u00e9s dans toute la province.<\/p>\n<p>Pour en savoir plus, <a href=\"https:\/\/www.ontario.ca\/fr\/page\/distinctions-et-prix-communaute#section-0\" target=\"_blank\" rel=\"noopener\">cliquez ici<\/a>.<\/p>\n<h3>M\u00e9daille de bravoure des policiers de l\u2019Ontario<\/h3>\n<p><img decoding=\"async\" class=\"alignleft wp-image-1177 lazyload\" data-src=\"https:\/\/lgontario.ca\/custom\/uploads\/2025\/11\/police-bravery-medal.png\" alt=\"Ontario Medal for Police Bravery insignia\" width=\"85\" height=\"127\" src=\"data:image\/svg+xml;base64,PHN2ZyB3aWR0aD0iMSIgaGVpZ2h0PSIxIiB4bWxucz0iaHR0cDovL3d3dy53My5vcmcvMjAwMC9zdmciPjwvc3ZnPg==\" style=\"--smush-placeholder-width: 85px; --smush-placeholder-aspect-ratio: 85\/127;\" \/>Rend hommage aux agentes et aux agents de police pour des actes individuels de courage exceptionnel.<\/p>\n<p>Pour en savoir plus, <a href=\"https:\/\/www.ontario.ca\/fr\/page\/prix-et-distinctions-bravoure#section-0\" target=\"_blank\" rel=\"noopener\">cliquez ici<\/a>.<\/p>\n<h3>M\u00e9daille de bravoure des pompiers de l\u2019Ontario<\/h3>\n<p><img decoding=\"async\" class=\"alignleft wp-image-1183 lazyload\" data-src=\"https:\/\/lgontario.ca\/custom\/uploads\/2025\/11\/firefighter-bravery-medal.png\" alt=\"Ontario Medal for Firefighter Bravery insignia\" width=\"85\" height=\"131\" src=\"data:image\/svg+xml;base64,PHN2ZyB3aWR0aD0iMSIgaGVpZ2h0PSIxIiB4bWxucz0iaHR0cDovL3d3dy53My5vcmcvMjAwMC9zdmciPjwvc3ZnPg==\" style=\"--smush-placeholder-width: 85px; --smush-placeholder-aspect-ratio: 85\/131;\" \/>Rend hommage aux pompi\u00e8res et aux pompiers pour des actes individuels de courage exceptionnel.<\/p>\n<p>Pour en savoir plus, <a href=\"https:\/\/www.ontario.ca\/fr\/page\/prix-et-distinctions-bravoure#section-1\" target=\"_blank\" rel=\"noopener\">cliquez ici<\/a>.<\/p>\n<h3>M\u00e9daille de l\u2019Ontario pour les jeunes b\u00e9n\u00e9voles<\/h3>\n<p><img decoding=\"async\" class=\"alignleft wp-image-1186 lazyload\" data-src=\"https:\/\/lgontario.ca\/custom\/uploads\/2025\/11\/medal-young-volunteers.png\" alt=\"Ontario Medal for Young Volunteers insignia\" width=\"67\" height=\"121\" src=\"data:image\/svg+xml;base64,PHN2ZyB3aWR0aD0iMSIgaGVpZ2h0PSIxIiB4bWxucz0iaHR0cDovL3d3dy53My5vcmcvMjAwMC9zdmciPjwvc3ZnPg==\" style=\"--smush-placeholder-width: 67px; --smush-placeholder-aspect-ratio: 67\/121;\" \/>Reconna\u00eet les contributions exceptionnelles de jeunes b\u00e9n\u00e9voles de la province.<\/p>\n<p>Pour en savoir plus, <a href=\"https:\/\/www.ontario.ca\/fr\/page\/prix-et-distinctions-benevolat#section-0\" target=\"_blank\" rel=\"noopener\">cliquez ici<\/a>.<\/p>\n<h2>Prix de l\u2019Ontario<\/h2>\n<h3>Prix Elizabeth Dowdeswell pour la promotion de la d\u00e9mocratie par l\u2019\u00e9ducation<\/h3>\n<p><img decoding=\"async\" class=\"alignleft wp-image-327 lazyload\" data-src=\"https:\/\/lgontario.ca\/custom\/uploads\/2025\/04\/29-Dowdeswell-e1727300813426.jpg\" alt=\"\" width=\"125\" height=\"150\" src=\"data:image\/svg+xml;base64,PHN2ZyB3aWR0aD0iMSIgaGVpZ2h0PSIxIiB4bWxucz0iaHR0cDovL3d3dy53My5vcmcvMjAwMC9zdmciPjwvc3ZnPg==\" style=\"--smush-placeholder-width: 125px; --smush-placeholder-aspect-ratio: 125\/150;\" \/>Cr\u00e9\u00e9 en 2025, ce prix comm\u00e9more l\u2019h\u00e9ritage de la 29e lieutenante-gouverneure en r\u00e9compensant les \u00e9ducatrices et \u00e9ducateurs ontariens qui d\u00e9fendent les valeurs d\u00e9mocratiques et l\u2019engagement civique gr\u00e2ce \u00e0 des pratiques p\u00e9dagogiques innovantes.<\/p>\n<p>Pour en savoir plus, <a href=\"https:\/\/www.ontario.ca\/fr\/page\/distinctions-et-prix-education\" target=\"_blank\" rel=\"noopener\">cliquez ici<\/a>.<\/p>\n<h3>Prix James Bartleman pour la cr\u00e9ation litt\u00e9raire des jeunes Autochtones<\/h3>\n<p><img decoding=\"async\" class=\"wp-image-324 alignleft lazyload\" data-src=\"https:\/\/lgontario.ca\/custom\/uploads\/2025\/04\/27-Bartleman-AC100459.jpg\" alt=\"\" width=\"125\" height=\"151\" src=\"data:image\/svg+xml;base64,PHN2ZyB3aWR0aD0iMSIgaGVpZ2h0PSIxIiB4bWxucz0iaHR0cDovL3d3dy53My5vcmcvMjAwMC9zdmciPjwvc3ZnPg==\" style=\"--smush-placeholder-width: 125px; --smush-placeholder-aspect-ratio: 125\/151;\" \/>Ce prix comm\u00e9more l\u2019h\u00e9ritage du 27e\u00a0lieutenant-gouverneur de l\u2019Ontario en r\u00e9compensant en r\u00e9compensant des \u00e9l\u00e8ves autochtones pour leur talent en cr\u00e9ation litt\u00e9raire.<\/p>\n<h3>Prix David C.\u00a0Onley<\/h3>\n<p><img decoding=\"async\" class=\"alignleft wp-image-326 lazyload\" data-src=\"https:\/\/lgontario.ca\/custom\/uploads\/2025\/04\/28-Onley-AC101190.jpg\" alt=\"\" width=\"125\" height=\"152\" src=\"data:image\/svg+xml;base64,PHN2ZyB3aWR0aD0iMSIgaGVpZ2h0PSIxIiB4bWxucz0iaHR0cDovL3d3dy53My5vcmcvMjAwMC9zdmciPjwvc3ZnPg==\" style=\"--smush-placeholder-width: 125px; --smush-placeholder-aspect-ratio: 125\/152;\" \/>Ce prix comm\u00e9more l\u2019h\u00e9ritage du 28e\u00a0lieutenant-gouverneur de l\u2019Ontario en r\u00e9compensant les Ontariens et Ontariennes qui se sont surpass\u00e9s pour am\u00e9liorer l\u2019accessibilit\u00e9 des personnes handicap\u00e9es.<br \/>\nPour en savoir plus, <a href=\"https:\/\/www.ontario.ca\/fr\/page\/distinctions-et-prix-inclusion#section-1\" target=\"_blank\" rel=\"noopener\">cliquez ici<\/a>.<\/p>\n<h3>Bourse d\u2019\u00e9tudes Hilary M.\u00a0Weston<\/h3>\n<p><img decoding=\"async\" class=\"alignleft wp-image-323 lazyload\" data-src=\"https:\/\/lgontario.ca\/custom\/uploads\/2025\/04\/26-Weston-AC100221.jpg\" alt=\"\" width=\"125\" height=\"193\" src=\"data:image\/svg+xml;base64,PHN2ZyB3aWR0aD0iMSIgaGVpZ2h0PSIxIiB4bWxucz0iaHR0cDovL3d3dy53My5vcmcvMjAwMC9zdmciPjwvc3ZnPg==\" style=\"--smush-placeholder-width: 125px; --smush-placeholder-aspect-ratio: 125\/193;\" \/>La bourse d\u2019\u00e9tudes Hilary M. Weston comm\u00e9more l\u2019h\u00e9ritage de la 26e lieutenante-gouverneure de l\u2019Ontario et est d\u00e9cern\u00e9e \u00e0 deux \u00e9tudiantes et \u00e9tudiants en travail social de niveau sup\u00e9rieur qui se sp\u00e9cialisent dans le domaine de la sant\u00e9 mentale. Pour en savoir plus, <a href=\"https:\/\/www.ontario.ca\/fr\/page\/distinctions-et-prix-communaute#section-3\" target=\"_blank\" rel=\"noopener\">cliquez ici<\/a>.<\/p>\n<h3>Prix Lincoln M.\u00a0Alexander<\/h3>\n<p><img decoding=\"async\" class=\"alignleft wp-image-320 lazyload\" data-src=\"https:\/\/lgontario.ca\/custom\/uploads\/2025\/04\/24-Alexander-AC654447.jpg\" alt=\"\" width=\"125\" height=\"156\" src=\"data:image\/svg+xml;base64,PHN2ZyB3aWR0aD0iMSIgaGVpZ2h0PSIxIiB4bWxucz0iaHR0cDovL3d3dy53My5vcmcvMjAwMC9zdmciPjwvc3ZnPg==\" style=\"--smush-placeholder-width: 125px; --smush-placeholder-aspect-ratio: 125\/156;\" \/>Le prix Lincoln M.\u00a0Alexander comm\u00e9more l\u2019h\u00e9ritage du 24e\u00a0lieutenant-gouverneur de l\u2019Ontario, en r\u00e9compensant trois jeunes qui ont fait preuve d\u2019un grand leadership dans l\u2019\u00e9limination de la discrimination raciale. Pour en savoir plus, <a href=\"https:\/\/www.ontario.ca\/fr\/page\/distinctions-et-prix-inclusion#section-0\" target=\"_blank\" rel=\"noopener\">cliquez ici<\/a>.<\/p>\n<p>Pour en savoir plus, <a href=\"https:\/\/www.ontario.ca\/fr\/page\/distinctions-et-prix-arts-et-litterature\" target=\"_blank\" rel=\"noopener\">cliquez ici<\/a>.<\/p>\n<h3>Prix d\u2019excellence de l\u2019Ontario pour les personnes \u00e2g\u00e9es<\/h3>\n<p>Ce prix rend hommage aux personnes qui, apr\u00e8s l\u2019\u00e2ge de 65 ans, ont apport\u00e9 une contribution exceptionnelle \u00e0 leur communaut\u00e9.<\/p>\n<p>Pour en savoir plus, <a href=\"https:\/\/www.ontario.ca\/fr\/page\/distinctions-et-prix-communaute#section-1\" target=\"_blank\" rel=\"noopener\">cliquez ici<\/a>.<\/p>\n<h2>Prix du lieutenant-gouverneur ou de la lieutenante-gouverneure<\/h2>\n<p>Des organismes ind\u00e9pendants ont cr\u00e9\u00e9, en partenariat avec les lieutenants-gouverneurs et les lieutenantes-gouverneures successifs, des prix visant \u00e0 reconna\u00eetre des r\u00e9alisations dans des champs d\u2019activit\u00e9 particuliers.<\/p>\n<p>Ces prix sont les suivants\u00a0:<\/p>\n<h3>Prix du lieutenant-gouverneur pour l\u2019action b\u00e9n\u00e9vole communautaire des \u00e9l\u00e8ves<\/h3>\n<p>Cr\u00e9\u00e9 en\u00a02000 par l\u2019honorable Hilary M.\u00a0Weston, ce prix encourage le b\u00e9n\u00e9volat chez les jeunes et rend hommage aux \u00e9l\u00e8ves qui ont largement d\u00e9pass\u00e9 le nombre d\u2019heures de b\u00e9n\u00e9volat requis pour obtenir leur dipl\u00f4me. Chaque ann\u00e9e, ce prix est d\u00e9cern\u00e9 \u00e0 un \u00e9l\u00e8ve de 12e\u00a0ann\u00e9e dans chacune des \u00e9coles secondaires de l\u2019Ontario. Chaque \u00e9l\u00e8ve re\u00e7oit un certificat personnalis\u00e9 et une \u00e9pinglette. Ce prix est administr\u00e9 par le minist\u00e8re des Industries du patrimoine, du sport, du tourisme et de la culture.<\/p>\n<h3>Prix du lieutenant-gouverneur pour l\u2019excellence en conception architecturale<\/h3>\n<p>Cr\u00e9\u00e9 en 2015, ce prix est d\u00e9cern\u00e9 tous les deux ans pour reconna\u00eetre des projets achev\u00e9s en Ontario au cours des six ann\u00e9es pr\u00e9c\u00e9dentes. Le choix de la laur\u00e9ate ou du laur\u00e9at du prix se fait parmi les finalistes des prix d\u2019excellence en design de l\u2019Ordre des architectes de l\u2019Ontario. Un jury compos\u00e9 d\u2019experts d\u00e9termine que la laur\u00e9ate ou le laur\u00e9at a fait preuve d\u2019excellence en mati\u00e8re de cr\u00e9ativit\u00e9, d\u2019impact environnemental, de durabilit\u00e9, des bonnes pratiques d\u2019affaires et de la constitution du patrimoine. Le prix est administr\u00e9 par l\u2019<a href=\"http:\/\/www.oaa.on.ca\/the%20oaa\/awards\" target=\"_blank\" rel=\"noopener\">Ordre des architectes de l\u2019Ontario<\/a>.<\/p>\n<h3>Prix du lieutenant-gouverneur pour l\u2019excellence des vins de l\u2019Ontario<\/h3>\n<p>\u00c9tabli en 2011, ce prix c\u00e9l\u00e8bre l\u2019excellence en viticulture et en vinification en Ontario. Il r\u00e9compense des vins certifi\u00e9s VQA (Vintners Quality Alliance), soit des vins \u00e9labor\u00e9s exclusivement \u00e0 partir de raisins cultiv\u00e9s et transform\u00e9s en Ontario, selon des normes strictes de qualit\u00e9.<br \/>\nDepuis\u00a02016, ce prix fait partie des <a href=\"http:\/\/www.ontariowineawards.ca\/\" target=\"_blank\" rel=\"noopener\">Ontario Wine Awards<\/a>, o\u00f9 il est d\u00e9cern\u00e9 aux vins les mieux cot\u00e9s dans diverses cat\u00e9gories de c\u00e9page. Chaque ann\u00e9e,\u00a08 et 12\u00a0vins\u00a0sont s\u00e9lectionn\u00e9s pour leur qualit\u00e9 exceptionnelle.<br \/>\nLe prix est administr\u00e9 par le Centre for Hospitality and Culinary Arts du Coll\u00e8ge George Brown, avec le soutien des Grape Growers of Ontario, de la Winery and Grower Alliance of Ontario et de la Wine Marketing Association of Ontario. Le jury comprend des \u00e9tudiantes et des \u00e9tudiants du Coll\u00e8ge George Brown.<\/p>\n<h3>Prix du lieutenant-gouverneur pour la conservation du patrimoine ontarien<\/h3>\n<p>Cr\u00e9\u00e9 en 2007 par l\u2019honorable James Bartleman, en partenariat avec la Fiducie du patrimoine ontarien, ce prix rend hommage aux b\u00e9n\u00e9voles qui ont consacr\u00e9 au moins 25\u00a0ans \u00e0 la pr\u00e9servation, \u00e0 la protection et \u00e0 la promotion du patrimoine communautaire. Il est remis dans le cadre d\u2019une cat\u00e9gorie sp\u00e9ciale du Programme de reconnaissance d\u2019activit\u00e9s patrimoniales communautaires de la Fiducie. Un second prix, le Prix du lieutenant-gouverneur pour les r\u00e9alisations des jeunes en mati\u00e8re de conservation du patrimoine ontarien, c\u00e9l\u00e8bre quant \u00e0 lui l\u2019engagement des jeunes. D\u00e9cern\u00e9 dans le cadre du programme annuel Jeunes leaders du patrimoine, il r\u00e9compense le groupe de jeunes le plus remarquable dans les cat\u00e9gories du patrimoine b\u00e2ti, culturel et naturel, ainsi que la personne la plus exceptionnelle toutes cat\u00e9gories confondues.<\/p>\n<h3>Prix du lieutenant-gouverneur pour l\u2019excellence en marketing en Ontario<\/h3>\n<p>D\u00e9cern\u00e9 en partenariat avec L\u2019<a href=\"http:\/\/www.edco.on.ca\/\" target=\"_blank\" rel=\"noopener\">Economic Developers Council of Ontario<\/a>, ce prix souligne l\u2019excellence en marketing dans le domaine du d\u00e9veloppement \u00e9conomique municipal. Cr\u00e9\u00e9 en 2006, il r\u00e9compense chaque ann\u00e9e la r\u00e9alisation la plus remarquable parmi les laur\u00e9ates et les laur\u00e9ats dans les cat\u00e9gories de la cr\u00e9ation d\u2019entreprises, du tourisme et du d\u00e9veloppement de produits.<\/p>\n<h3>Coupe du lieutenant-gouverneur<\/h3>\n<p>Cr\u00e9\u00e9 en 1953 par la\u00a0<a href=\"http:\/\/www.royalfair.org\/\" target=\"_blank\" rel=\"noopener\">Royal Agricultural Winter Fair<\/a>, avec l\u2019assentiment du lieutenant-gouverneur l\u2019honorable Louis Orville Breithaupt, cette coupe r\u00e9compense chaque ann\u00e9e le meilleur cheval de sport canadien de trois ans. Elle s\u2019adresse aux chevaux \u00e9lev\u00e9s au Canada qui d\u00e9montrent un fort potentiel dans les disciplines de la chasse, du saut d\u2019obstacles, du dressage ou du concours complet. La comp\u00e9tition met en valeur l\u2019excellence de l\u2019\u00e9levage \u00e9quin au Canada, un domaine o\u00f9 le pays s\u2019est impos\u00e9 comme un chef de file \u00e0 l\u2019\u00e9chelle internationale.<\/p>\n<h3>Mention \u00e9logieuse vice-royale<\/h3>\n<p>Approuv\u00e9e en\u00a01999 par la Reine Elizabeth\u00a0II dans le cadre du r\u00e9gime canadien de distinctions, la Mention \u00e9logieuse<br \/>\nvice-royale est remise par la gouverneure g\u00e9n\u00e9rale ou le gouverneur g\u00e9n\u00e9ral, les lieutenantes-gouverneures ou lieutenants-gouverneurs les commissaires territoriaux afin de souligner les services exceptionnels ou services rendus sur une longue p\u00e9riode au Bureau du repr\u00e9sentant ou de la repr\u00e9sentante de la Couronne.<\/p>\n<p>La ou le r\u00e9cipiendaire doit avoir fait partie du personnel, r\u00e9mun\u00e9r\u00e9 ou b\u00e9n\u00e9vole, durant le mandat de la titulaire ou du titulaire et avoir accompli des t\u00e2ches de fa\u00e7on remarquable, ou avoir r\u00e9alis\u00e9 un ou plusieurs actes exceptionnels qui ont \u00e9t\u00e9 d\u2019un grand b\u00e9n\u00e9fice pour le bureau du repr\u00e9sentant ou de la repr\u00e9sentante de la Couronne ou du commissaire territorial.<\/p>\n<h2>Distinctions honorifiques nationales<\/h2>\n<p>La lieutenante-gouverneure peut, au nom de la gouverneure g\u00e9n\u00e9rale, remettre des distinctions honorifiques nationales, notamment l\u2019Ordre du Canada, des d\u00e9corations pour actes de bravoure, la M\u00e9daille du souverain pour les b\u00e9n\u00e9voles et diverses m\u00e9dailles comm\u00e9moratives.<\/p>\n<p><a href=\"https:\/\/gg.ca\/fr\/distinctions\/distinctions-canadiennes\" target=\"_blank\" rel=\"noopener\">Visitez le site Web de la gouverneure g\u00e9n\u00e9rale<\/a> pour en savoir plus sur le r\u00e9gime canadien de distinctions honorifiques nationales ou pour poser la candidature d\u2019une personne \u00e0 une distinction honorifique nationale.<\/p>\n","protected":false},"excerpt":{"rendered":"<p>Souligner les accomplissements et les contributions<\/p>\n","protected":false},"author":1,"featured_media":2214,"parent":948,"menu_order":0,"comment_status":"closed","ping_status":"closed","template":"","meta":{"_acf_changed":false,"footnotes":""},"class_list":["post-360","page","type-page","status-publish","has-post-thumbnail","hentry"],"acf":[],"_links":{"self":[{"href":"https:\/\/lgontario.ca\/fr\/wp-json\/wp\/v2\/pages\/360","targetHints":{"allow":["GET"]}}],"collection":[{"href":"https:\/\/lgontario.ca\/fr\/wp-json\/wp\/v2\/pages"}],"about":[{"href":"https:\/\/lgontario.ca\/fr\/wp-json\/wp\/v2\/types\/page"}],"author":[{"embeddable":true,"href":"https:\/\/lgontario.ca\/fr\/wp-json\/wp\/v2\/users\/1"}],"replies":[{"embeddable":true,"href":"https:\/\/lgontario.ca\/fr\/wp-json\/wp\/v2\/comments?post=360"}],"version-history":[{"count":21,"href":"https:\/\/lgontario.ca\/fr\/wp-json\/wp\/v2\/pages\/360\/revisions"}],"predecessor-version":[{"id":2240,"href":"https:\/\/lgontario.ca\/fr\/wp-json\/wp\/v2\/pages\/360\/revisions\/2240"}],"up":[{"embeddable":true,"href":"https:\/\/lgontario.ca\/fr\/wp-json\/wp\/v2\/pages\/948"}],"wp:featuredmedia":[{"embeddable":true,"href":"https:\/\/lgontario.ca\/fr\/wp-json\/wp\/v2\/media\/2214"}],"wp:attachment":[{"href":"https:\/\/lgontario.ca\/fr\/wp-json\/wp\/v2\/media?parent=360"}],"curies":[{"name":"wp","href":"https:\/\/api.w.org\/{rel}","templated":true}]}}