{"id":365,"date":"2025-02-18T23:22:19","date_gmt":"2025-02-19T04:22:19","guid":{"rendered":"https:\/\/hypelabs.dev\/lgo-new\/household\/"},"modified":"2026-01-27T13:23:25","modified_gmt":"2026-01-27T18:23:25","slug":"aides-de-camp","status":"publish","type":"page","link":"https:\/\/lgontario.ca\/fr\/son-honneur\/aides-de-camp\/","title":{"rendered":"Aides-de-camp"},"content":{"rendered":"<h2>R\u00f4le et responsabilit\u00e9s<\/h2>\n<p>Les aides de camp sont nomm\u00e9s par la gouverneure g\u00e9n\u00e9rale du Canada et les lieutenants-gouverneurs des provinces afin de les appuyer dans l\u2019exercice de leurs fonctions officielles. En Ontario, ils servent la lieutenante-gouverneure dans le cadre de ses activit\u00e9s publiques. \u00c0 ce titre, ils repr\u00e9sentent la plus haute fonction protocolaire de la province. Leur uniforme, leur tenue et leur conduite doivent refl\u00e9ter cette responsabilit\u00e9 et r\u00e9pondre aux normes les plus rigoureuses.<\/p>\n<p>Parmi\u00a0les principales responsabilit\u00e9s\u00a0figure la pr\u00e9paration des\u00a0\u00e9v\u00e9nements officiels\u202f:\u00a0ils s\u2019assurent\u00a0que la lieutenante-gouverneure\u00a0dispose de toute l\u2019information n\u00e9cessaire,\u00a0que ce soit \u00e0\u00a0Queen\u2019s\u00a0Park ou ailleurs\u00a0en Ontario.\u00a0Ils veillent \u00e9galement au bon\u00a0d\u00e9roulement\u00a0des\u00a0\u00e9v\u00e9nements, dans le respect\u00a0du\u00a0protocole\u00a0et\u00a0du\u00a0d\u00e9corum, afin d\u2019\u00e9viter\u00a0tout\u00a0incident ou\u00a0malentendu.<\/p>\n<p>Pr\u00e9sents aux c\u00f4t\u00e9s de la lieutenante-gouverneure dans ses fonctions\u00a0publiques,\u00a0les aides de camp\u00a0lui offrent un\u00a0soutien constant. Par leur professionnalisme,\u00a0ils\u00a0contribuent\u00a0au bon d\u00e9roulement\u00a0de chaque \u00e9v\u00e9nement\u00a0et renforcent le rayonnement du\u00a0Bureau de la lieutenante-gouverneure.\u00a0Leur r\u00f4le\u00a0est essentiel \u00e0 la qualit\u00e9 des\u00a0relations\u00a0que le Bureau entretient\u00a0avec la population\u00a0ontarienne.<\/p>\n<h3>Une br\u00e8ve histoire<\/h3>\n<p>Les aides de camp ont vu le jour dans les arm\u00e9es \u00e0 l\u2019\u00e9poque napol\u00e9onienne, bien avant l\u2019arriv\u00e9e des technologies modernes de communication. Charg\u00e9s de transmettre des ordres \u00e9crits et verbaux dans des conditions souvent p\u00e9rilleuses, ils devaient \u00eatre imm\u00e9diatement reconnaissables sur le champ de bataille. Leur uniforme, richement orn\u00e9 d\u2019aiguillettes dor\u00e9es, refl\u00e9tait cette n\u00e9cessit\u00e9. Plus que de simples messagers, les aides de camp \u00e9taient souvent des officiers exp\u00e9riment\u00e9s, parfois eux-m\u00eames g\u00e9n\u00e9raux, au service de commandants de haut rang. Leur r\u00f4le consistait \u00e0 transmettre fid\u00e8lement les intentions et les strat\u00e9gies de leur sup\u00e9rieur aux autres officiers, ce qui exigeait une formation et une expertise militaires sup\u00e9rieures. Ils veillaient \u00e9galement \u00e0 la s\u00e9curit\u00e9, aux d\u00e9placements et aux besoins personnels de leur commandant.<\/p>\n<p>Tous les aides de camp sont\u00a0nomm\u00e9s \u00e0 titre honorifique.\u00a0La lieutenante-gouverneure peut d\u00e9signer un aide de camp en chef\u00a0ainsi qu\u2019un ou plusieurs\u00a0adjoints.\u00a0Lorsqu\u2019ils sont en fonction\u00a0active, le terme\u00a0\u00ab\u2009honoraire\u2009\u00bb est\u00a0omis pour distinguer\u00a0ces\u00a0aides de camp\u00a0de ceux qui le sont uniquement en raison de leur\u00a0poste\u00a0institutionnel, comme\u00a0le commissaire de\u00a0la\u00a0PPO, les commandants\u00a0de la 4e\u202fDivision du Canada\u00a0et\u00a0de la GRC\u00a0(Division O), le commissaire des incendies de l\u2019Ontario, les\u00a0chefs\u00a0des services\u00a0de police\u00a0et d\u2019incendie\u00a0de Toronto,\u00a0ainsi que\u00a0le commandant des\u00a0Queen\u2019s\u00a0York Rangers. Les officiers commissionn\u00e9s\u00a0des Forces arm\u00e9es canadiennes ou des services de la police,\u00a0d\u2019incendie et d\u2019urgence peuvent\u00a0\u00eatre\u00a0nomm\u00e9s aides de camp\u00a0\u00e0 la discr\u00e9tion de la lieutenante-gouverneure.\u00a0Les nominations militaires\u00a0doivent \u00eatre appuy\u00e9es par\u00a0le\u00a0commandant\u00a0de l\u2019unit\u00e9\u00a0de l\u2019aide de camp et approuv\u00e9es par le commandant de la 4e\u202fDivision du Canada ou\u00a0l\u2019autorit\u00e9 comp\u00e9tente.\u00a0Les autres nominations en uniforme doivent \u00eatre\u00a0valid\u00e9es par le commandant de l\u2019unit\u00e9 ou de l\u2019organisation qui parraine l\u2019aide de camp.<\/p>\n<h2>Tenue<\/h2>\n<h3>Normes de tenue<\/h3>\n<p>Les aides de camp repr\u00e9sentent principalement la lieutenante-gouverneure, tout en incarnant les valeurs et traditions de leur propre service, r\u00e9giment, unit\u00e9 ou organisation. Leur apparence doit donc refl\u00e9ter cette double responsabilit\u00e9\u202f: une tenue soign\u00e9e, un uniforme impeccable \u2014 bien ajust\u00e9, propre, repass\u00e9, et avec le cuir bien entretenu \u2014 est essentiel.<\/p>\n<p>En g\u00e9n\u00e9ral, les aides de camp portent la tenue de service g\u00e9n\u00e9ral, qui comprend\u202f:\u00a0 une veste de service, une chemise \u00e0 manches longues, une cravate, des rubans, des monogrammes d\u2019\u00e9paule (taille: 13\/8\u202fpouces) et une aiguillette. Cette tenue est exig\u00e9e \u00e0 Queen\u2019s Park et lors de la plupart des \u00e9v\u00e9nements communautaires. Les membres d\u2019autres services paramilitaires peuvent suivre leurs propres directives vestimentaires, selon leur organisation. Le port d\u2019un chapeau signifie que l\u2019aide de camp est officiellement en fonction. Les rubans sont habituellement port\u00e9s, sauf si des m\u00e9dailles sont sp\u00e9cifiquement requises.<\/p>\n<h3>Aiguillettes<\/h3>\n<p>L\u2019aiguillette est\u00a0un\u00a0insigne distinctif\u00a0port\u00e9\u202f:<\/p>\n<p>Sur l\u2019\u00e9paule droite par les\u00a0membres de la famille royale,\u00a0les repr\u00e9sentants\u00a0vice-royaux,\u00a0leurs aides de\u00a0camp et certains dignitaires.<\/p>\n<p>Sur\u00a0l\u2019\u00e9paule\u00a0gauche par les aides de camp,\u00a0les officiers sup\u00e9rieurs de l\u2019arm\u00e9e,\u00a0agents de police\u00a0de haut rang et\u00a0attach\u00e9s militaires.<\/p>\n<p>Les aides de camp portent leur aiguillette lorsqu\u2019ils accompagnent la lieutenante-gouverneure ou sont affect\u00e9s \u00e0 une lieutenante-gouverneure ou un lieutenant-gouverneur d\u2019une autre province canadienne.<\/p>\n<p><img decoding=\"async\" class=\"alignnone wp-image-1156 lazyload\" data-src=\"https:\/\/lgontario.ca\/custom\/uploads\/2025\/11\/Picture1.png\" alt=\"\" width=\"199\" height=\"272\" src=\"data:image\/svg+xml;base64,PHN2ZyB3aWR0aD0iMSIgaGVpZ2h0PSIxIiB4bWxucz0iaHR0cDovL3d3dy53My5vcmcvMjAwMC9zdmciPjwvc3ZnPg==\" style=\"--smush-placeholder-width: 199px; --smush-placeholder-aspect-ratio: 199\/272;\" \/><\/p>\n<h3>Monogramme vice-royal<\/h3>\n<p>Les aides de camp de la lieutenante-gouverneure arborent le monogramme vice-royal du lieutenant-gouverneur sur leur tenue de service g\u00e9n\u00e9ral, leur tenue r\u00e9gimentaire et leur\u00a0tenue de c\u00e9r\u00e9monie. Le monogramme est sur\u00a0un insigne\u00a0en fil d\u2019or et est disponible en deux tailles, soit 13\/8\u202fpo et 1\u202fpo de hauteur. L\u2019emplacement des insignes doit respecter l\u2019ordre de tenue de l\u2019unit\u00e9 ou de l\u2019organisation de l\u2019aide de camp.<\/p>\n","protected":false},"excerpt":{"rendered":"<p>L&#8217;\u00e9quipe de la lieutenante-gouverneure<\/p>\n","protected":false},"author":1,"featured_media":2216,"parent":1812,"menu_order":0,"comment_status":"closed","ping_status":"closed","template":"","meta":{"_acf_changed":false,"footnotes":""},"class_list":["post-365","page","type-page","status-publish","has-post-thumbnail","hentry"],"acf":[],"_links":{"self":[{"href":"https:\/\/lgontario.ca\/fr\/wp-json\/wp\/v2\/pages\/365","targetHints":{"allow":["GET"]}}],"collection":[{"href":"https:\/\/lgontario.ca\/fr\/wp-json\/wp\/v2\/pages"}],"about":[{"href":"https:\/\/lgontario.ca\/fr\/wp-json\/wp\/v2\/types\/page"}],"author":[{"embeddable":true,"href":"https:\/\/lgontario.ca\/fr\/wp-json\/wp\/v2\/users\/1"}],"replies":[{"embeddable":true,"href":"https:\/\/lgontario.ca\/fr\/wp-json\/wp\/v2\/comments?post=365"}],"version-history":[{"count":15,"href":"https:\/\/lgontario.ca\/fr\/wp-json\/wp\/v2\/pages\/365\/revisions"}],"predecessor-version":[{"id":1998,"href":"https:\/\/lgontario.ca\/fr\/wp-json\/wp\/v2\/pages\/365\/revisions\/1998"}],"up":[{"embeddable":true,"href":"https:\/\/lgontario.ca\/fr\/wp-json\/wp\/v2\/pages\/1812"}],"wp:featuredmedia":[{"embeddable":true,"href":"https:\/\/lgontario.ca\/fr\/wp-json\/wp\/v2\/media\/2216"}],"wp:attachment":[{"href":"https:\/\/lgontario.ca\/fr\/wp-json\/wp\/v2\/media?parent=365"}],"curies":[{"name":"wp","href":"https:\/\/api.w.org\/{rel}","templated":true}]}}