{"id":373,"date":"2025-02-25T16:26:46","date_gmt":"2025-02-25T21:26:46","guid":{"rendered":"https:\/\/hypelabs.dev\/lgo-new\/?page_id=373"},"modified":"2026-01-27T13:35:22","modified_gmt":"2026-01-27T18:35:22","slug":"protocole-et-symboles","status":"publish","type":"page","link":"https:\/\/lgontario.ca\/fr\/apprendre\/protocole-et-symboles\/","title":{"rendered":"Protocole et symboles"},"content":{"rendered":"<h2>Protocole<\/h2>\n<h3>Titres<\/h3>\n<p>Conform\u00e9ment au <a href=\"https:\/\/www.canada.ca\/en\/canadian-heritage\/services\/protocol-guidelines-special-event\/table-titles-canada.html\" target=\"_blank\" rel=\"noopener\">tableau des titres \u00e0 employer au Canada<\/a>, la lieutenante-gouverneure ou le lieutenant-gouverneur peut porter le titre \u00ab Son Honneur \u00bb pendant la dur\u00e9e de ses fonctions et le titre \u00ab honorable \u00bb \u00e0 vie. Par cons\u00e9quent, le titre complet de la lieutenante-gouverneure actuelle est : Son Honneur l\u2019honorable Edith Dumont.<\/p>\n<p>Lorsque l\u2019on s\u2019adresse \u00e0 la lieutenante-gouverneure ou au lieutenant-gouverneur pour la premi\u00e8re fois, on utilise traditionnellement le titre \u00ab Votre Honneur \u00bb, puis \u00ab Madame \u00bb ou \u00ab Monsieur \u00bb par la suite. Lorsque l\u2019on mentionne le lieutenant-gouverneur ou la lieutenante-gouverneure, on utilise traditionnellement le titre \u00ab Son Honneur \u00bb.<\/p>\n<h3>Salut vice-royal<\/h3>\n<p>Le salut \u00e0 la lieutenante-gouverneure ou au lieutenant-gouverneur (souvent appel\u00e9 le salut vice-royal) est un salut musical que l\u2019on ex\u00e9cute en pr\u00e9sence du repr\u00e9sentant du Roi en signe de respect. L\u2019auditoire ne chante pas au moment de l\u2019ex\u00e9cution du salut vice-royal. Approuv\u00e9 par la Reine Elizabeth II en 1968, il se compose des six premi\u00e8res mesures de l\u2019hymne royal \u00ab Dieu prot\u00e8ge le Roi \u00bb, suivies d\u2019une version abr\u00e9g\u00e9e (les quatre premi\u00e8res et les quatre derni\u00e8res mesures) de l\u2019hymne national \u00ab \u00d4 Canada \u00bb. Il est d\u2019usage que les cornemuses ex\u00e9cutent plut\u00f4t la chanson \u00ab Mallorca \u00bb comme salut.<\/p>\n<p><iframe data-src=\"https:\/\/w.soundcloud.com\/player\/?url=https%3A\/\/api.soundcloud.com\/tracks\/238017190&amp;auto_play=false&amp;hide_related=false&amp;show_comments=true&amp;show_user=true&amp;show_reposts=false&amp;visual=true\" width=\"100%\" height=\"175\" frameborder=\"no\" scrolling=\"no\" data-mce-fragment=\"1\" src=\"data:image\/svg+xml;base64,PHN2ZyB3aWR0aD0iMSIgaGVpZ2h0PSIxIiB4bWxucz0iaHR0cDovL3d3dy53My5vcmcvMjAwMC9zdmciPjwvc3ZnPg==\" class=\"lazyload\" data-load-mode=\"1\"><\/iframe><\/p>\n<h3>Partitions t\u00e9l\u00e9chargeables<\/h3>\n<ul>\n<li><span style=\"color: #000000;\"><a href=\"https:\/\/www.lgontario.ca\/custom\/uploads\/2017\/04\/VRS-Piano.pdf\" target=\"_blank\" rel=\"noopener\">Partition pour piano<\/a> (PDF, 28 Ko)<\/span><\/li>\n<li><span style=\"color: #000000;\"><a href=\"https:\/\/www.lgontario.ca\/custom\/uploads\/2017\/04\/VRS-Full-Instrumental.pdf\" target=\"_blank\" rel=\"noopener\">Partition pour harmonie<\/a> (PDF 189 Ko)<\/span><\/li>\n<\/ul>\n<h3>Honneurs militaires<\/h3>\n<p>La lieutenante-gouverneure ou le lieutenant-gouverneur a droit au salut du personnel en uniforme. Une garde d\u2019honneur pouvant aller jusqu\u2019\u00e0 100 personnes peut \u00eatre assembl\u00e9e pour la lieutenante-gouverneure ou le lieutenant-gouverneur dans des occasions d\u2019importance en Ontario. D\u2019autres honneurs militaires, y compris une salve de 15 coups de canon, peuvent \u00eatre accord\u00e9s lors de l\u2019inauguration, la prorogation ou la dissolution de la L\u00e9gislature et lors d\u2019une visite officielle \u00e0 une plateforme de r\u00e9ception du salut dans une base militaire en Ontario.<\/p>\n<h2>Symboles<\/h2>\n<h3>\u00c9cu<\/h3>\n<h4>\u00c9cu de la lieutenante-gouverneure OU du lieutenant-gouverneur<\/h4>\n<p>L\u2019\u00e9cu officiel de la lieutenante-gouverneure ou du lieutenant-gouverneur est form\u00e9 du bouclier des armoiries de l\u2019Ontario, entour\u00e9 de dix feuilles d\u2019\u00e9rable d\u2019or stylis\u00e9es repr\u00e9sentant les dix provinces du Canada. Le bouclier lui-m\u00eame pr\u00e9sente trois feuilles d\u2019\u00e9rable, symbolisant le Canada, sur fond vert. Dans sa partie sup\u00e9rieure figure la croix de Saint-Georges, saint patron de l\u2019Angleterre. Surmontant le bouclier, la couronne de Saint-\u00c9douard indique que l\u2019\u00e9cu appartient au repr\u00e9sentant du Roi. Conform\u00e9ment \u00e0 l\u2019usage, la Reine Elizabeth II a autoris\u00e9 l\u2019utilisation de cette couronne royale. L\u2019\u00e9cu figure notamment sur la papeterie officielle et d\u2019autres articles produits et utilis\u00e9s par le Bureau.<\/p>\n<p><img decoding=\"async\" class=\"alignnone wp-image-1146 lazyload\" data-src=\"https:\/\/lgontario.ca\/custom\/uploads\/2025\/11\/lg-emblem.png\" alt=\"\" width=\"484\" height=\"550\" src=\"data:image\/svg+xml;base64,PHN2ZyB3aWR0aD0iMSIgaGVpZ2h0PSIxIiB4bWxucz0iaHR0cDovL3d3dy53My5vcmcvMjAwMC9zdmciPjwvc3ZnPg==\" style=\"--smush-placeholder-width: 484px; --smush-placeholder-aspect-ratio: 484\/550;\" \/><\/p>\n<h3>Drapeau<\/h3>\n<h4>Drapeau d\u2019office de la lieutenante-gouverneure OU du lieutenant-gouverneur<\/h4>\n<p>Le drapeau de la lieutenante-gouverneure ou du lieutenant-gouverneur, commun\u00e9ment appel\u00e9 l\u2019\u00e9tendard vice-royal, est un drapeau bleu roi portant, en son centre, l\u2019embl\u00e8me officiel de la lieutenante-gouverneure ou du lieutenant-gouverneur. Il a \u00e9t\u00e9 approuv\u00e9 au nom de la Reine Elizabeth II par le gouverneur g\u00e9n\u00e9ral le 13 mai 1981. Le drapeau a \u00e9t\u00e9 utilis\u00e9 pour la premi\u00e8re fois le 3 juillet 1981, lors d\u2019une visite de la Reine Elizabeth, la Reine M\u00e8re, \u00e0 Queen\u2019s Park.<\/p>\n<p>Le drapeau est d\u00e9ploy\u00e9 pour signaler la pr\u00e9sence de la lieutenante-gouverneure ou du lieutenant-gouverneur. Il peut flotter sur la voiture officielle utilis\u00e9e pour les d\u00e9placements, ainsi que sur les \u00e9difices publics, les installations des Forces arm\u00e9es canadiennes et les navires canadiens de Sa Majest\u00e9, lors de visites officielles. Il a pr\u00e9s\u00e9ance sur tous les autres drapeaux en Ontario, y compris le drapeau national du Canada, sauf lorsque Sa Majest\u00e9 le Roi est pr\u00e9sent, auquel cas c\u2019est le drapeau personnel canadien du souverain qui est hiss\u00e9. Le drapeau de la lieutenante-gouverneure ou du lieutenant-gouverneur a \u00e9galement pr\u00e9s\u00e9ance sur celui de la gouverneure g\u00e9n\u00e9rale ou du gouverneur g\u00e9n\u00e9ral\u00a0 lorsque ce dernier ou cette derni\u00e8re assiste \u00e0 un \u00e9v\u00e9nement dont l\u2019h\u00f4te est la lieutenante-gouverneure ou le lieutenant-gouverneur. Ce drapeau n\u2019est jamais mis en berne. Toutefois, en cas de d\u00e9c\u00e8s de la lieutenante-gouverneure ou du lieutenant-gouverneur en fonction, il est retir\u00e9 jusqu\u2019\u00e0 l\u2019entr\u00e9e en fonction de sa successeure ou de son successeur.<\/p>\n<p>Le drapeau est inscrit au <a href=\"http:\/\/archive.gg.ca\/heraldry\/pub-reg\/project.asp?lang=f&amp;ProjectID=465&amp;ShowAll=1\" target=\"_blank\" rel=\"noopener\">Registre public des armoiries, drapeaux et insignes du Canada<\/a>.<\/p>\n<p><img decoding=\"async\" class=\"alignnone wp-image-1150 lazyload\" data-src=\"https:\/\/lgontario.ca\/custom\/uploads\/2025\/11\/standard.png\" alt=\"\" width=\"712\" height=\"475\" src=\"data:image\/svg+xml;base64,PHN2ZyB3aWR0aD0iMSIgaGVpZ2h0PSIxIiB4bWxucz0iaHR0cDovL3d3dy53My5vcmcvMjAwMC9zdmciPjwvc3ZnPg==\" style=\"--smush-placeholder-width: 712px; --smush-placeholder-aspect-ratio: 712\/475;\" \/><\/p>\n<h3>Grand Sceau de l\u2019Ontario<\/h3>\n<p>Le Grand Sceau de l\u2019Ontario est utilis\u00e9 pour authentifier les documents officiels du gouvernement, notamment les proclamations et les actes de nomination de hauts fonctionnaires. Chaque nouvelle lieutenante-gouverneure ou nouveau lieutenant-gouverneur pr\u00eate serment \u00e0 titre de gardienne ou gardien du Grand Sceau.<\/p>\n<p>Lors d\u2019un changement de gouvernement, le Grand Sceau est remis \u00e0 la lieutenante-gouverneure ou au lieutenant-gouverneur, qui le confie ensuite \u00e0 la ministre ou au ministre\u00a0 responsable (actuellement la ou le ministre des Services au public et aux entreprises et de l\u2019Approvisionnement) d\u00e8s son assermentation, pour en assurer la garde et l\u2019usage quotidien. Lorsque cette ou ce ministre quitte ses fonctions, le Sceau est restitu\u00e9 \u00e0 la lieutenante-gouverneure ou au lieutenant-gouverneur, qui le pr\u00e9sente alors au nouveau ministre ou \u00e0 la nouvelle ministre. Cette transmission symbolise le transfert de l\u2019autorit\u00e9 gouvernementale \u00e0 la nouvelle administration.<\/p>\n<p>Les Grands Sceaux figurent parmi les instruments les plus anciens et les plus respect\u00e9s du pouvoir public. Depuis les d\u00e9buts de la gouvernance, ils sont utilis\u00e9s pour officialiser des documents publics d\u2019importance. Au Canada, le Grand Sceau incarne l\u2019autorit\u00e9 de la Couronne, d\u00e9l\u00e9gu\u00e9e du souverain aux ministres.<\/p>\n<p>Le Grand Sceau de l\u2019Ontario a \u00e9t\u00e9 cr\u00e9\u00e9 en 1870. Il est compos\u00e9 des armoiries royales de l\u2019Angleterre (le Canada ne poss\u00e9dait pas encore les siennes), surmont\u00e9es d\u2019une couronne et accompagn\u00e9es de la devise Dieu et mon droit. L\u2019\u00e9cu des armoiries de l\u2019Ontario figure \u00e0 la base du dessin. Le Sceau a \u00e9t\u00e9 r\u00e9alis\u00e9 en Angleterre par le ma\u00eetre-graveur des sceaux de Sa Majest\u00e9, en vertu d\u2019un mandat sign\u00e9 par la reine Victoria.<\/p>\n<p><img decoding=\"async\" class=\"alignnone size-full wp-image-1144 lazyload\" data-src=\"https:\/\/lgontario.ca\/custom\/uploads\/2025\/11\/great-seal-ontario.png\" alt=\"\" width=\"448\" height=\"453\" src=\"data:image\/svg+xml;base64,PHN2ZyB3aWR0aD0iMSIgaGVpZ2h0PSIxIiB4bWxucz0iaHR0cDovL3d3dy53My5vcmcvMjAwMC9zdmciPjwvc3ZnPg==\" style=\"--smush-placeholder-width: 448px; --smush-placeholder-aspect-ratio: 448\/453;\" \/><\/p>\n<h3>Sceau priv\u00e9<\/h3>\n<p>Sceau priv\u00e9 de la lieutenante-gouverneure ou du lieutenant-gouverneur.<\/p>\n<p>Le sceau priv\u00e9 de la lieutenante-gouverneure ou du lieutenant-gouverneur est appos\u00e9 sur les commissions nommant les aides de camp honoraires. Le sceau, sur lequel figurent les armoiries de l\u2019Ontario, est toujours appliqu\u00e9 sur un cachet rouge (une marque) appos\u00e9 sur le document qui doit porter le sceau. Jusqu\u2019en 2002, la loi exigeait que certaines nominations publiques et certains documents officiels portent le sceau priv\u00e9.<\/p>\n<p><img decoding=\"async\" class=\"alignnone size-full wp-image-1148 lazyload\" data-src=\"https:\/\/lgontario.ca\/custom\/uploads\/2025\/11\/privy-seal.png\" alt=\"\" width=\"400\" height=\"388\" src=\"data:image\/svg+xml;base64,PHN2ZyB3aWR0aD0iMSIgaGVpZ2h0PSIxIiB4bWxucz0iaHR0cDovL3d3dy53My5vcmcvMjAwMC9zdmciPjwvc3ZnPg==\" style=\"--smush-placeholder-width: 400px; --smush-placeholder-aspect-ratio: 400\/388;\" \/><\/p>\n<h3>Insigne de la lieutenante-gouverneure ou du lieutenant-gouverneur<\/h3>\n<p>En janvier 1999, la Reine Elizabeth II a approuv\u00e9 la cr\u00e9ation d\u2019un insigne pour reconna\u00eetre les personnes qui occupent la fonction vice-royale, ainsi que leurs conjointes et conjoints.<\/p>\n<p>L\u2019insigne est compos\u00e9 de quatre feuilles d\u2019\u00e9rable stylis\u00e9es, dispos\u00e9es en croix et \u00e9maill\u00e9es en rouge et blanc. Leurs dentelures rappellent les nombreuses facettes des responsabilit\u00e9s et obligations vice-royales. La feuille d\u2019aspect plus naturel au centre \u00e9voque l\u2019engagement personnel requis des titulaires et des conjointes et des conjoints. La couronne qui surmonte le tout est un symbole de d\u00e9vouement envers les Canadiennes et les Canadiens ainsi qu\u2019envers la Couronne.<\/p>\n<p>L\u2019insigne, qui mesure environ 3,8 centim\u00e8tres, est frapp\u00e9 en argent sterling et dor\u00e9.<\/p>\n<p>Un insigne similaire avec une feuille d\u2019\u00e9rable centrale argent\u00e9e plut\u00f4t que dor\u00e9e est remis aux conjointes et conjoints des lieutenantes-gouverneures et lieutenants-gouverneurs. Au terme de leur mandat, les r\u00e9cipiendaires de l\u2019insigne peuvent continuer \u00e0 l\u2019arborer. Une \u00e9pinglette qui reproduit l\u2019insigne est \u00e9galement disponible.<\/p>\n<p><img decoding=\"async\" class=\"alignnone size-full wp-image-1152 lazyload\" data-src=\"https:\/\/lgontario.ca\/custom\/uploads\/2025\/11\/vr-badge.png\" alt=\"\" width=\"605\" height=\"600\" src=\"data:image\/svg+xml;base64,PHN2ZyB3aWR0aD0iMSIgaGVpZ2h0PSIxIiB4bWxucz0iaHR0cDovL3d3dy53My5vcmcvMjAwMC9zdmciPjwvc3ZnPg==\" style=\"--smush-placeholder-width: 605px; --smush-placeholder-aspect-ratio: 605\/600;\" \/><\/p>\n","protected":false},"excerpt":{"rendered":"<p>S&#8217;adresser \u00e0 la lieutenante-gouverneure et la saluer \/ Symboles associ\u00e9s \u00e0 la fonction<\/p>\n","protected":false},"author":1,"featured_media":2226,"parent":381,"menu_order":30,"comment_status":"closed","ping_status":"closed","template":"","meta":{"_acf_changed":false,"footnotes":""},"class_list":["post-373","page","type-page","status-publish","has-post-thumbnail","hentry"],"acf":[],"_links":{"self":[{"href":"https:\/\/lgontario.ca\/fr\/wp-json\/wp\/v2\/pages\/373","targetHints":{"allow":["GET"]}}],"collection":[{"href":"https:\/\/lgontario.ca\/fr\/wp-json\/wp\/v2\/pages"}],"about":[{"href":"https:\/\/lgontario.ca\/fr\/wp-json\/wp\/v2\/types\/page"}],"author":[{"embeddable":true,"href":"https:\/\/lgontario.ca\/fr\/wp-json\/wp\/v2\/users\/1"}],"replies":[{"embeddable":true,"href":"https:\/\/lgontario.ca\/fr\/wp-json\/wp\/v2\/comments?post=373"}],"version-history":[{"count":28,"href":"https:\/\/lgontario.ca\/fr\/wp-json\/wp\/v2\/pages\/373\/revisions"}],"predecessor-version":[{"id":1974,"href":"https:\/\/lgontario.ca\/fr\/wp-json\/wp\/v2\/pages\/373\/revisions\/1974"}],"up":[{"embeddable":true,"href":"https:\/\/lgontario.ca\/fr\/wp-json\/wp\/v2\/pages\/381"}],"wp:featuredmedia":[{"embeddable":true,"href":"https:\/\/lgontario.ca\/fr\/wp-json\/wp\/v2\/media\/2226"}],"wp:attachment":[{"href":"https:\/\/lgontario.ca\/fr\/wp-json\/wp\/v2\/media?parent=373"}],"curies":[{"name":"wp","href":"https:\/\/api.w.org\/{rel}","templated":true}]}}