{"id":377,"date":"2025-03-18T17:08:12","date_gmt":"2025-03-18T21:08:12","guid":{"rendered":"https:\/\/hypelabs.dev\/lgo-new\/?page_id=377"},"modified":"2026-01-27T13:36:38","modified_gmt":"2026-01-27T18:36:38","slug":"history-of-the-office","status":"publish","type":"page","link":"https:\/\/lgontario.ca\/fr\/apprendre\/history-of-the-office\/","title":{"rendered":"Histoire"},"content":{"rendered":"<h2>Gouverneurs avant la Conf\u00e9d\u00e9ration<\/h2>\n<p>Contrairement aux lieutenants-gouverneurs et lieutenantes-gouverneures d\u2019aujourd\u2019hui, les premiers repr\u00e9sentants de la Couronne participaient activement \u00e0 l\u2019administration des affaires publiques, jusqu\u2019\u00e0 l\u2019av\u00e8nement du gouvernement responsable au Canada, en 1848.<\/p>\n<h2>Gouverneurs g\u00e9n\u00e9raux de la Province du Canada (de 1841 \u00e0 1867)<\/h2>\n<p>Promulgu\u00e9 le 10 f\u00e9vrier 1841, <a href=\"https:\/\/www.lgontario.ca\/custom\/uploads\/2017\/04\/Act-of-Union-1840.pdf\">l\u2019Acte d\u2019Union, 1840 (PDF, 6 Mo)<\/a> a r\u00e9uni les colonies du Haut-Canada et du Bas-Canada afin de former la Province du Canada. Le repr\u00e9sentant du Souverain \u00e9tait le gouverneur g\u00e9n\u00e9ral. Pendant la transition entre les gouverneurs g\u00e9n\u00e9raux et leurs successeurs, la responsabilit\u00e9 de gouverner \u00e9tait confi\u00e9e \u00e0 un administrateur.<\/p>\n<p>Le vicomte Monck, le dernier gouverneur g\u00e9n\u00e9ral de la Province du Canada, est devenu le premier gouverneur g\u00e9n\u00e9ral du Canada au moment de la Conf\u00e9d\u00e9ration, en 1867.<\/p>\n<ul>\n<li>Le tr\u00e8s honorable Charles Monck, vicomte Monck, de 1861 \u00e0 1867<\/li>\n<li>Le tr\u00e8s honorable Charles Monck, vicomte Monck (administrateur), 1861<\/li>\n<li>Sir Edmund Walker Head, de 1854 \u00e0 1861<\/li>\n<li>Le tr\u00e8s honorable James Bruce, comte d\u2019Elgin et de Kincardine, de 1847 \u00e0 1854<\/li>\n<li>G\u00e9n\u00e9ral le tr\u00e8s honorable Charles Cathcart, comte de Cathcart, de 1846 \u00e0 1847<\/li>\n<li>G\u00e9n\u00e9ral le tr\u00e8s honorable Charles Cathcart, comte de Cathcart (administrateur), de 1845 \u00e0 1846<\/li>\n<li>Le tr\u00e8s honorable sir Charles Metcalfe, lord Metcalfe, de 1843 \u00e0 1845<\/li>\n<li>Sir Charles Bagot, de 1842 \u00e0 1843<\/li>\n<li>Lieutenant-g\u00e9n\u00e9ral sir Richard Downes Jackson (administrateur), de 1841 \u00e0 1842<\/li>\n<li>Le tr\u00e8s honorable Charles Poulett Thomson, baron Sydenham, 1841<\/li>\n<\/ul>\n<h2>Lieutenants-gouverneurs du Haut-Canada (de 1791 \u00e0 1841)<\/h2>\n<p><a href=\"https:\/\/www.lgontario.ca\/custom\/uploads\/2017\/04\/Constitutional-Act-1791.pdf\">L\u2019Acte constitutionnel de 1791 (PDF, 5,6 Mo)<\/a> est \u00e0 l\u2019origine de la division de la Province de Qu\u00e9bec en deux entit\u00e9s politiques, soit le Haut-Canada et le Bas-Canada, le 26 d\u00e9cembre 1791. Dans le Haut-Canada, le Souverain \u00e9tait repr\u00e9sent\u00e9 par le lieutenant-gouverneur. Pendant la transition entre les lieutenants-gouverneurs et leurs successeurs, la responsabilit\u00e9 de gouverner \u00e9tait confi\u00e9e \u00e0 un administrateur.<\/p>\n<ul>\n<li>Le tr\u00e8s honorable Charles Poulett Thomson, baron Sydenham, de 1839 \u00e0 1841<\/li>\n<li>Major-g\u00e9n\u00e9ral sir George Arthur, de 1838 \u00e0 1839<\/li>\n<li>Sir Francis Bond Head, de 1836 \u00e0 1838<\/li>\n<li>Major-g\u00e9n\u00e9ral sir John Colborne, de 1828 \u00e0 1836<\/li>\n<li>Major-g\u00e9n\u00e9ral sir Peregrine Maitland, de 1818 \u00e0 1828<\/li>\n<li>Lieutenant-colonel l\u2019honorable Samuel Smith (administrateur), de 1817 \u00e0 1818<\/li>\n<li>Major Francis Gore, de 1806 \u00e0 1817<\/li>\n<li>Major-g\u00e9n\u00e9ral sir Frederick Philipse Robinson (lieutenant-gouverneur par int\u00e9rim), 1815<\/li>\n<li>Major-g\u00e9n\u00e9ral sir George Murray (lieutenant-gouverneur par int\u00e9rim), 1815<\/li>\n<li>Lieutenant-g\u00e9n\u00e9ral sir Gordon Drummond (lieutenant-gouverneur par int\u00e9rim), de 1813 \u00e0 1814<\/li>\n<li>Major-g\u00e9n\u00e9ral l\u2019honorable Francis de Rottenburg (lieutenant-gouverneur par int\u00e9rim), 1813<\/li>\n<li>Major-g\u00e9n\u00e9ral sir Roger Hale Sheaffe (administrateur), de 1812 \u00e0 1813<\/li>\n<li>Major-g\u00e9n\u00e9ral l\u2019honorable sir Isaac Brock (administrateur), de 1811 \u00e0 1812<\/li>\n<li>L\u2019honorable Alexander Grant (administrateur), de 1805 \u00e0 1806<\/li>\n<li>Lieutenant-g\u00e9n\u00e9ral Peter Hunter, de 1799 \u00e0 1805<\/li>\n<li>L\u2019honorable Peter Russell (administrateur),\u00a0 de 1796 \u00e0 1799<\/li>\n<li>Major-g\u00e9n\u00e9ral John Graves Simcoe, de 1791 \u00e0 1796<\/li>\n<\/ul>\n<h2>Faits divers<\/h2>\n<h3>Les tout premiers<\/h3>\n<ul>\n<li>L\u2019honorable Pauline McGibbon (de 1974 \u00e0 1980, 22e) a \u00e9t\u00e9 la premi\u00e8re femme lieutenante-gouverneure de l\u2019Ontario et la premi\u00e8re femme \u00e0 devenir repr\u00e9sentante vice-royale au Canada.<\/li>\n<li>L\u2019honorable Lincoln M. Alexander (de 1985 \u00e0 1991, 24e) a \u00e9t\u00e9 le premier membre d\u2019une minorit\u00e9 visible \u00e0 devenir lieutenant-gouverneur au Canada.<\/li>\n<li>L\u2019honorable James K. Bartleman (de 2002 \u00e0 2007, 27e), membre de la Premi\u00e8re Nation des Mnjikaning, est le premier lieutenant-gouverneur autochtone de l\u2019Ontario.<\/li>\n<li>L\u2019honorable David C. Onley (de 2007 \u00e0 2014, 28e) est la premi\u00e8re personne handicap\u00e9e \u00e0 occuper le poste de lieutenant-gouverneur de l\u2019Ontario.<\/li>\n<li>Son Honneur l\u2019honorable Edith Dumont (de 2023 \u00e0 aujourd\u2019hui, 30e) est la premi\u00e8re francophone \u00e0 occuper le poste de lieutenante-gouverneure, tous genres confondus.<\/li>\n<\/ul>\n<h2>Dur\u00e9e du mandat<\/h2>\n<p><strong>Le mandat le plus court :<\/strong> L\u2019honorable Henry Stisted (de 1867 \u00e0 1868, 1er) a occup\u00e9 son poste pendant \u00e0 peine plus d\u2019un an, soit du 1er juillet 1867 au 14 juillet 1868.<\/p>\n<p><strong>Le mandat le plus long :<\/strong> L\u2019honorable Elizabeth Dowdeswell (de 2014 \u00e0 2023, 29e) a si\u00e9g\u00e9 pendant neuf ans, un mois et vingt-deux jours.<\/p>\n<p><strong>Le deuxi\u00e8me plus long mandat :<\/strong> L\u2019honorable Albert Matthews (de 1937 \u00e0 1946, 16e) \u00e9tait lieutenant-gouverneur lors de la Seconde Guerre mondiale. Il a servi pendant neuf ans et un mois, soit du 30 novembre 1937 au 26 d\u00e9cembre 1946.<\/p>\n<h2>\u00c2ge<\/h2>\n<p><strong>Le plus jeune :<\/strong> L\u2019honorable Henry Stisted (de 1867 \u00e0 1868, 1er) est entr\u00e9 en fonction \u00e0 l\u2019\u00e2ge de 50 ans.<\/p>\n<p><strong>Le plus vieux :<\/strong> L\u2019honorable sir Oliver Mowat (de 1897 \u00e0 1903, 9e) avait 77 ans lors de sa nomination. Il a servi jusqu\u2019\u00e0 sa mort, \u00e0 l\u2019\u00e2ge de 83 ans, en 1903.<\/p>\n<h2>Lieutenants-gouverneurs et lieutenantes-gouverneures n\u00e9s \u00e0 l\u2019\u00e9tranger<\/h2>\n<ul>\n<li>L\u2019honorable Henry Stisted (de 1867 \u00e0 1868, 1er) : Saint-Omer, France<\/li>\n<li>L\u2019honorable William Howland (de 1868 \u00e0 1873, 2e) : New York, \u00c9tats-Unis<\/li>\n<li>L\u2019honorable John Crawford (de 1873 \u00e0 1875, 3e) : Comt\u00e9 de Cavan, Irlande<\/li>\n<li>L\u2019honorable sir Alexander Campbell (de 1887 \u00e0 1892, 6e) : Yorkshire, Angleterre, Royaume-Uni<\/li>\n<li>L\u2019honorable sir William M. Clark (de 1903 \u00e0 1908, 9e) : Aberdeen, \u00c9cosse, Royaume-Uni<\/li>\n<li>L\u2019honorable William Rowe (de 1963 \u00e0 1968, 20e) : Iowa, \u00c9tats-Unis<\/li>\n<li>L\u2019honorable Hilary M. Weston (de 1997 \u00e0 2002, 26e) : Dublin, Irlande<\/li>\n<li>L\u2019honorable Elizabeth Dowdeswell (de 2014 \u00e0 2023, 29e) : Belfast, Irlande du Nord, Royaume-Uni<\/li>\n<\/ul>\n","protected":false},"excerpt":{"rendered":"<p>Entre la Conf\u00e9d\u00e9ration, le 1er juillet 1867, et l&#8217;entr\u00e9e en fonction de l&#8217;honorable Edith Dumont, le 14 novembre 2023, 29 personnes ont occup\u00e9 le poste de lieutenant-gouverneur de l&#8217;Ontario<\/p>\n","protected":false},"author":1,"featured_media":2236,"parent":381,"menu_order":40,"comment_status":"closed","ping_status":"closed","template":"page-lg.php","meta":{"_acf_changed":false,"footnotes":""},"class_list":["post-377","page","type-page","status-publish","has-post-thumbnail","hentry"],"acf":[],"_links":{"self":[{"href":"https:\/\/lgontario.ca\/fr\/wp-json\/wp\/v2\/pages\/377","targetHints":{"allow":["GET"]}}],"collection":[{"href":"https:\/\/lgontario.ca\/fr\/wp-json\/wp\/v2\/pages"}],"about":[{"href":"https:\/\/lgontario.ca\/fr\/wp-json\/wp\/v2\/types\/page"}],"author":[{"embeddable":true,"href":"https:\/\/lgontario.ca\/fr\/wp-json\/wp\/v2\/users\/1"}],"replies":[{"embeddable":true,"href":"https:\/\/lgontario.ca\/fr\/wp-json\/wp\/v2\/comments?post=377"}],"version-history":[{"count":21,"href":"https:\/\/lgontario.ca\/fr\/wp-json\/wp\/v2\/pages\/377\/revisions"}],"predecessor-version":[{"id":1876,"href":"https:\/\/lgontario.ca\/fr\/wp-json\/wp\/v2\/pages\/377\/revisions\/1876"}],"up":[{"embeddable":true,"href":"https:\/\/lgontario.ca\/fr\/wp-json\/wp\/v2\/pages\/381"}],"wp:featuredmedia":[{"embeddable":true,"href":"https:\/\/lgontario.ca\/fr\/wp-json\/wp\/v2\/media\/2236"}],"wp:attachment":[{"href":"https:\/\/lgontario.ca\/fr\/wp-json\/wp\/v2\/media?parent=377"}],"curies":[{"name":"wp","href":"https:\/\/api.w.org\/{rel}","templated":true}]}}