{"id":423,"date":"2025-02-11T22:30:37","date_gmt":"2025-02-12T03:30:37","guid":{"rendered":"https:\/\/hypelabs.dev\/lgo-new\/?page_id=423"},"modified":"2026-04-08T11:52:27","modified_gmt":"2026-04-08T15:52:27","slug":"edith-dumont","status":"publish","type":"page","link":"https:\/\/lgontario.ca\/fr\/son-honneur\/edith-dumont\/","title":{"rendered":"Edith Dumont"},"content":{"rendered":"<h2>Son Honneur l\u2019honorable Edith Dumont, lieutenante-gouverneure de l\u2019Ontario<\/h2>\n<p><span data-contrast=\"none\">L\u2019honorable Edith Dumont est la 30<\/span><i><span data-contrast=\"none\">e<\/span><\/i><span data-contrast=\"none\">\u00a0lieutenante-gouverneure de l\u2019Ontario et la premi\u00e8re francophone \u00e0 occuper cette\u00a0fonction.\u00a0Elle a \u00e9t\u00e9 nomm\u00e9e apr\u00e8s une brillante carri\u00e8re dans le domaine de l\u2019\u00e9ducation, au cours de laquelle elle a v\u00e9cu et travaill\u00e9 dans plusieurs provinces et territoires \u00e0 travers le pays, ainsi qu&#8217;en Afrique et en Europe.<\/span><span data-ccp-props=\"{}\">\u00a0<\/span><\/p>\n<p><span data-contrast=\"none\">Madame Dumont a \u00e9t\u00e9 la premi\u00e8re femme \u00e0 occuper le poste de directrice de l\u2019\u00e9ducation au sein du plus grand conseil scolaire public de langue fran\u00e7aise en Ontario. Elle a \u00e9galement contribu\u00e9 \u00e0 la cr\u00e9ation de la premi\u00e8re universit\u00e9 francophone autonome, l\u2019Universit\u00e9 de l\u2019Ontario fran\u00e7ais \u00e0 Toronto.\u00a0<\/span><span data-ccp-props=\"{}\">\u00a0<\/span><\/p>\n<p><span data-contrast=\"none\">Elle a toujours \u00e9t\u00e9 une ambassadrice passionn\u00e9e de la jeunesse, du leadership au f\u00e9minin, de la Francophonie et du d\u00e9veloppement de communaut\u00e9s r\u00e9silientes et bienveillantes.<\/span><span data-ccp-props=\"{}\">\u00a0<\/span><\/p>\n<p><span data-contrast=\"none\">Mme Dumont est titulaire\u00a0d\u2019une ma\u00eetrise en \u00e9ducation de l\u2019Universit\u00e9 d\u2019Ottawa ainsi que\u00a0de deux baccalaur\u00e9ats, l\u2019un en psychologie de l\u2019Universit\u00e9 d\u2019Ottawa et l\u2019autre en orthop\u00e9dagogie de l\u2019Universit\u00e9 du Qu\u00e9bec en Outaouais.<\/span><span data-ccp-props=\"{}\">\u00a0<\/span><\/p>\n<p><span data-contrast=\"none\">Elle\u00a0<\/span><span data-contrast=\"none\">a \u00e9t\u00e9 promue au grade d&#8217;Officier dans l&#8217;ordre national de la l\u00e9gion d\u2019honneur et<\/span><span data-contrast=\"none\">\u00a0nomm\u00e9e Chevali\u00e8re de l\u2019Ordre des Palmes acad\u00e9miques par la R\u00e9publique fran\u00e7aise. Elle est \u00e9galement membre de l\u2019Ordre de l\u2019Ontario et Dame de justice de l\u2019Ordre de Saint-Jean.\u00a0<\/span><span data-contrast=\"none\">La M\u00e9daille du couronnement du roi Charles III, la m\u00e9daille de l&#8217;Ordre de la Pl\u00e9iade de l&#8217;Ontario et la m\u00e9daille de l&#8217;Ordre de la ville d&#8217;Ottawa font\u00a0<\/span><span data-contrast=\"none\">\u00e9galement\u00a0<\/span><span data-contrast=\"none\">partie des\u00a0<\/span><span data-contrast=\"none\">nombreuses distinctions qu&#8217;elle a re\u00e7ues<\/span><span data-contrast=\"none\">.<\/span><span data-ccp-props=\"{}\">\u00a0<\/span><\/p>\n","protected":false},"excerpt":{"rendered":"<p>\u00c0 propos de la lieutenante-gouverneure<\/p>\n","protected":false},"author":1,"featured_media":511,"parent":1812,"menu_order":0,"comment_status":"closed","ping_status":"closed","template":"page-her-honour.php","meta":{"_acf_changed":false,"footnotes":""},"class_list":["post-423","page","type-page","status-publish","has-post-thumbnail","hentry"],"acf":{"video":"https:\/\/youtu.be\/w42qDARoD7Q"},"_links":{"self":[{"href":"https:\/\/lgontario.ca\/fr\/wp-json\/wp\/v2\/pages\/423","targetHints":{"allow":["GET"]}}],"collection":[{"href":"https:\/\/lgontario.ca\/fr\/wp-json\/wp\/v2\/pages"}],"about":[{"href":"https:\/\/lgontario.ca\/fr\/wp-json\/wp\/v2\/types\/page"}],"author":[{"embeddable":true,"href":"https:\/\/lgontario.ca\/fr\/wp-json\/wp\/v2\/users\/1"}],"replies":[{"embeddable":true,"href":"https:\/\/lgontario.ca\/fr\/wp-json\/wp\/v2\/comments?post=423"}],"version-history":[{"count":28,"href":"https:\/\/lgontario.ca\/fr\/wp-json\/wp\/v2\/pages\/423\/revisions"}],"predecessor-version":[{"id":2523,"href":"https:\/\/lgontario.ca\/fr\/wp-json\/wp\/v2\/pages\/423\/revisions\/2523"}],"up":[{"embeddable":true,"href":"https:\/\/lgontario.ca\/fr\/wp-json\/wp\/v2\/pages\/1812"}],"wp:featuredmedia":[{"embeddable":true,"href":"https:\/\/lgontario.ca\/fr\/wp-json\/wp\/v2\/media\/511"}],"wp:attachment":[{"href":"https:\/\/lgontario.ca\/fr\/wp-json\/wp\/v2\/media?parent=423"}],"curies":[{"name":"wp","href":"https:\/\/api.w.org\/{rel}","templated":true}]}}