{"id":434,"date":"2025-02-11T16:13:44","date_gmt":"2025-02-11T21:13:44","guid":{"rendered":"https:\/\/hypelabs.dev\/lgo-new\/?page_id=434"},"modified":"2026-01-14T10:10:48","modified_gmt":"2026-01-14T15:10:48","slug":"connect","status":"publish","type":"page","link":"https:\/\/lgontario.ca\/fr\/connect\/","title":{"rendered":"Communiquer"},"content":{"rendered":"<p style=\"font-weight: 400;\">Il est facile de communiquer avec la lieutenante-gouverneure de l\u2019Ontario!<\/p>\n<p style=\"font-weight: 400;\">Que vous souhaitiez l\u2019inviter \u00e0 une activit\u00e9, demander un message officiel ou souligner un anniversaire ou un jalon important, l\u2019\u00e9quipe du Bureau est l\u00e0 pour vous accompagner.<\/p>\n<p style=\"font-weight: 400;\">Pour toute question d\u2019ordre g\u00e9n\u00e9ral, un <a href=\"https:\/\/lgontario.ca\/fr\/connect\/autres-demandes\/\" data-outlook-id=\"06344c4d-b659-4dfa-bbd2-d99a87085651\">formulaire de contact<\/a> est disponible sur le site officiel.<\/p>\n<p style=\"font-weight: 400;\">Le Bureau est ouvert du lundi au vendredi, de 9 h \u00e0 17 h, \u00e0 l\u2019\u00e9difice de l\u2019Assembl\u00e9e l\u00e9gislative, \u00e0 Queen\u2019s Park, \u00e0 Toronto. Au plaisir d\u2019\u00e9changer avec vous!<\/p>\n","protected":false},"excerpt":{"rendered":"<p>Communiquer avec la lieutenante-gouverneure de l&#8217;Ontario<\/p>\n","protected":false},"author":1,"featured_media":0,"parent":0,"menu_order":0,"comment_status":"closed","ping_status":"closed","template":"page-section.php","meta":{"_acf_changed":false,"footnotes":""},"class_list":["post-434","page","type-page","status-publish","hentry"],"acf":[],"_links":{"self":[{"href":"https:\/\/lgontario.ca\/fr\/wp-json\/wp\/v2\/pages\/434","targetHints":{"allow":["GET"]}}],"collection":[{"href":"https:\/\/lgontario.ca\/fr\/wp-json\/wp\/v2\/pages"}],"about":[{"href":"https:\/\/lgontario.ca\/fr\/wp-json\/wp\/v2\/types\/page"}],"author":[{"embeddable":true,"href":"https:\/\/lgontario.ca\/fr\/wp-json\/wp\/v2\/users\/1"}],"replies":[{"embeddable":true,"href":"https:\/\/lgontario.ca\/fr\/wp-json\/wp\/v2\/comments?post=434"}],"version-history":[{"count":18,"href":"https:\/\/lgontario.ca\/fr\/wp-json\/wp\/v2\/pages\/434\/revisions"}],"predecessor-version":[{"id":2146,"href":"https:\/\/lgontario.ca\/fr\/wp-json\/wp\/v2\/pages\/434\/revisions\/2146"}],"wp:attachment":[{"href":"https:\/\/lgontario.ca\/fr\/wp-json\/wp\/v2\/media?parent=434"}],"curies":[{"name":"wp","href":"https:\/\/api.w.org\/{rel}","templated":true}]}}