{"id":452,"date":"2025-02-12T11:53:46","date_gmt":"2025-02-12T16:53:46","guid":{"rendered":"https:\/\/hypelabs.dev\/lgo-new\/?page_id=452"},"modified":"2026-01-27T13:48:39","modified_gmt":"2026-01-27T18:48:39","slug":"visites-officielles","status":"publish","type":"page","link":"https:\/\/lgontario.ca\/fr\/apprendre\/visites-officielles\/","title":{"rendered":"Visites officielles"},"content":{"rendered":"<h2>Visites dans les municipalit\u00e9s<\/h2>\n<p>Le Canada compte plusieurs paliers de gouvernement distincts : f\u00e9d\u00e9ral, provincial, territorial et municipal. Conform\u00e9ment \u00e0 notre Constitution, chacun exerce des responsabilit\u00e9s propres et contribue \u00e0 r\u00e9pondre \u00e0 la diversit\u00e9 et \u00e0 la complexit\u00e9 des besoins de la population.<\/p>\n<p>Si les gouvernements f\u00e9d\u00e9ral, provinciaux et territoriaux occupent une place importante dans notre syst\u00e8me de gouvernance, c\u2019est le palier municipal \u2014 parfois rel\u00e9gu\u00e9 \u00e0 l\u2019arri\u00e8re-plan \u2014 qui demeure le plus proche des citoyens.<\/p>\n<p>C\u2019est pourquoi le Bureau de la lieutenante-gouverneure accorde une attention particuli\u00e8re \u00e0 l\u2019engagement municipal, notamment par le biais de visites officielles dans les collectivit\u00e9s de la province. Ces visites permettent d\u2019\u00e9couter les repr\u00e9sentants \u00e9lus et les citoyens, et de mieux comprendre les r\u00e9ussites, les ambitions et les d\u00e9fis propres \u00e0 chaque milieu. La richesse de l\u2019histoire, de la g\u00e9ographie et des r\u00e9alit\u00e9s locales constitue une source pr\u00e9cieuse d\u2019inspiration et d\u2019apprentissage pour l\u2019ensemble des Ontariennes et Ontariens.<\/p>\n<h2>Visites dans les communaut\u00e9s des Premi\u00e8res Nations<\/h2>\n<p>Dans une citation tir\u00e9e de <em>En parlant de d\u00e9mocratie<\/em>, Oren Lyons \u2014 professeur, auteur et d\u00e9fenseur des droits autochtones \u2014 d\u00e9crit les principes qui ont guid\u00e9 l\u2019unification de la Conf\u00e9d\u00e9ration iroquoise par les Haudenosaunee :<\/p>\n<p>\u00ab Le premier principe \u00e9tait la paix, le deuxi\u00e8me \u00e9tait l\u2019\u00e9quit\u00e9 et la justice, et le troisi\u00e8me \u00e9tait le pouvoir de la sagesse. C\u2019est un grand pouvoir, mais un pouvoir collectif. Il ne m\u00e8ne \u00e0 rien \u00e0 moins qu\u2019il soit utilis\u00e9 collectivement. \u00bb<\/p>\n<p>Les Premi\u00e8res Nations ont beaucoup \u00e0 transmettre aux Ontariennes et Ontariens non autochtones en mati\u00e8re de d\u00e9mocratie et des fondements qui la soutiennent.<\/p>\n<p>Consciente du r\u00f4le que peut jouer la Couronne pour favoriser le dialogue, la lieutenante-gouverneure a eu le privil\u00e8ge unique de visiter plusieurs communaut\u00e9s des Premi\u00e8res Nations \u00e0 travers la province \u2014 des occasions pr\u00e9cieuses d\u2019\u00e9coute et d\u2019apprentissage, essentielles sur le chemin de la r\u00e9conciliation.<\/p>\n","protected":false},"excerpt":{"rendered":"<p>Visites dans les municipalit\u00e9s et les communaut\u00e9s autochtones<\/p>\n","protected":false},"author":1,"featured_media":2218,"parent":381,"menu_order":60,"comment_status":"closed","ping_status":"closed","template":"","meta":{"_acf_changed":false,"footnotes":""},"class_list":["post-452","page","type-page","status-publish","has-post-thumbnail","hentry"],"acf":[],"_links":{"self":[{"href":"https:\/\/lgontario.ca\/fr\/wp-json\/wp\/v2\/pages\/452","targetHints":{"allow":["GET"]}}],"collection":[{"href":"https:\/\/lgontario.ca\/fr\/wp-json\/wp\/v2\/pages"}],"about":[{"href":"https:\/\/lgontario.ca\/fr\/wp-json\/wp\/v2\/types\/page"}],"author":[{"embeddable":true,"href":"https:\/\/lgontario.ca\/fr\/wp-json\/wp\/v2\/users\/1"}],"replies":[{"embeddable":true,"href":"https:\/\/lgontario.ca\/fr\/wp-json\/wp\/v2\/comments?post=452"}],"version-history":[{"count":4,"href":"https:\/\/lgontario.ca\/fr\/wp-json\/wp\/v2\/pages\/452\/revisions"}],"predecessor-version":[{"id":1854,"href":"https:\/\/lgontario.ca\/fr\/wp-json\/wp\/v2\/pages\/452\/revisions\/1854"}],"up":[{"embeddable":true,"href":"https:\/\/lgontario.ca\/fr\/wp-json\/wp\/v2\/pages\/381"}],"wp:featuredmedia":[{"embeddable":true,"href":"https:\/\/lgontario.ca\/fr\/wp-json\/wp\/v2\/media\/2218"}],"wp:attachment":[{"href":"https:\/\/lgontario.ca\/fr\/wp-json\/wp\/v2\/media?parent=452"}],"curies":[{"name":"wp","href":"https:\/\/api.w.org\/{rel}","templated":true}]}}