{"id":519,"date":"2025-02-25T16:27:08","date_gmt":"2025-02-25T21:27:08","guid":{"rendered":"https:\/\/hypelabs.dev\/lgo-new\/?page_id=519"},"modified":"2026-01-27T13:29:03","modified_gmt":"2026-01-27T18:29:03","slug":"role-ceremoniel","status":"publish","type":"page","link":"https:\/\/lgontario.ca\/fr\/apprendre\/role-ceremoniel\/","title":{"rendered":"R\u00f4le c\u00e9r\u00e9moniel"},"content":{"rendered":"<p class=\"p2\">Les fonctions protocolaires de la lieutenante-gouverneure consistent \u00e0 agir \u00e0 titre officiel en tant que repr\u00e9sentante de la Couronne dans les \u00e9v\u00e9nements suivants :<\/p>\n<h2 class=\"p2\">C\u00e9r\u00e9monies de remise de prix<\/h2>\n<p class=\"p2\">Au fil des ann\u00e9es, le gouvernement de l\u2019Ontario a cr\u00e9\u00e9 des distinctions et des prix officiels qui sont d\u00e9cern\u00e9s par la lieutenante-gouverneure. Pour tous ces prix, les membres du public soumettent des candidatures \u00e0 un conseil consultatif des distinctions honorifiques, qui fournit ensuite des recommandations au gouvernement. La lieutenante-gouverneure pr\u00e9side chaque ann\u00e9e les c\u00e9r\u00e9monies de remise de ces prix. Pour en savoir plus, veuillez consulter la rubrique <span class=\"s1\"><a href=\"https:\/\/lgontario.ca\/fr\/apprendre\/role-communautaire\/hommage-aux-ontariens-et-ontariennes\/\">Hommage aux Ontariennes et Ontariens<\/a>.<\/span><\/p>\n<h2 class=\"p2\">Reconnaissance de services rendus \u00e0 la couronne<\/h2>\n<p class=\"p2\">La lieutenante-gouverneure entretient des liens \u00e9troits avec les membres des Forces arm\u00e9es canadiennes et les premiers intervenants\u00a0\u2014 policiers, pompiers et ambulanciers.<\/p>\n<p class=\"p2\">Depuis\u00a02011, les lieutenants-gouverneurs de l\u2019Ontario occupent d\u2019office (c\u2019est-\u00e0-dire en vertu de leur fonction) le poste de colonel du r\u00e9giment des Queen\u2019s York Rangers (1<span class=\"s2\"><sup>er<\/sup><\/span>\u00a0r\u00e9giment am\u00e9ricain), une unit\u00e9 de la premi\u00e8re r\u00e9serve de l\u2019arm\u00e9e canadienne. Cette nomination honorifique reconna\u00eet le lien du r\u00e9giment avec le colonel John Graves Simcoe, premier lieutenant-gouverneur du Haut-Canada (aujourd\u2019hui l\u2019Ontario), qui a command\u00e9 le r\u00e9giment pendant la Guerre d\u2019ind\u00e9pendance des \u00c9tats-Unis.<\/p>\n<p class=\"p2\">La lieutenante-gouverneure reconna\u00eet les services rendus par les membres des Forces arm\u00e9es canadiennes en assistant aux c\u00e9r\u00e9monies et aux d\u00e9fil\u00e9s militaires, et remplit des fonctions connexes, telles que la remise de drapeaux consacr\u00e9s aux r\u00e9giments.<\/p>\n<p class=\"p2\">Elle repr\u00e9sente les Ontariennes et Ontariens lors de fun\u00e9railles et de services comm\u00e9moratifs en l\u2019honneur de membres de l\u2019arm\u00e9e, de premiers intervenants et d\u2019\u00e9minents fonctionnaires d\u00e9c\u00e9d\u00e9s. Par ailleurs, elle assiste aux c\u00e9r\u00e9monies comm\u00e9moratives annuelles du jour du Souvenir ainsi qu\u2019\u00e0 d\u2019autres comm\u00e9morations d\u2019\u00e9v\u00e9nements historiques (par exemple, le jour\u00a0J, l\u2019armistice de la guerre de Cor\u00e9e).<\/p>\n<h2 class=\"p2\">Accueil des visiteurs en Ontario<\/h2>\n<p class=\"p2\">La lieutenante-gouverneure est l\u2019h\u00f4te officielle de l\u2019Ontario. Elle accueille et re\u00e7oit les membres de la famille royale lors des tourn\u00e9es royales et de leurs s\u00e9jours dans la province. Elle accueille \u00e9galement des dirigeants du monde entier et des repr\u00e9sentants d\u2019institutions internationales, leur donnant l\u2019occasion d\u2019en apprendre davantage sur les Ontariennes et Ontariens de m\u00eame que sur les Canadiennes et Canadiens. En outre, elle accueille les membres du corps diplomatique et consulaire pour des visites de courtoisie dans les appartements de la lieutenante-gouverneure.<\/p>\n<h2 class=\"p2\">Repr\u00e9sentante de la couronne<\/h2>\n<p class=\"p2\">La lieutenante-gouverneure repr\u00e9sente la Couronne lors d\u2019\u00e9v\u00e9nements li\u00e9s \u00e0 la monarchie, notamment les c\u00e9r\u00e9monies d\u2019accession au tr\u00f4ne, les c\u00e9l\u00e9brations de couronnement et les moments marquants pour la famille royale. Elle accueille \u00e9galement les membres de la famille royale lors de leurs visites officielles en Ontario.<\/p>\n<p class=\"p2\">\u00c0 l\u2019occasion, lorsque la gouverneure g\u00e9n\u00e9rale n\u2019est pas disponible, la lieutenante-gouverneure est appel\u00e9e \u00e0 le suppl\u00e9er dans ses fonctions, par exemple pour investir des Ontariennes et des Ontariens au sein de l\u2019Ordre du Canada.<\/p>\n","protected":false},"excerpt":{"rendered":"<p>La lieutenante-gouverneure exerce des fonctions protocolaires en tant que repr\u00e9sentante officielle du roi en Ontario<\/p>\n","protected":false},"author":1,"featured_media":2222,"parent":381,"menu_order":10,"comment_status":"closed","ping_status":"closed","template":"","meta":{"_acf_changed":false,"footnotes":""},"class_list":["post-519","page","type-page","status-publish","has-post-thumbnail","hentry"],"acf":[],"_links":{"self":[{"href":"https:\/\/lgontario.ca\/fr\/wp-json\/wp\/v2\/pages\/519","targetHints":{"allow":["GET"]}}],"collection":[{"href":"https:\/\/lgontario.ca\/fr\/wp-json\/wp\/v2\/pages"}],"about":[{"href":"https:\/\/lgontario.ca\/fr\/wp-json\/wp\/v2\/types\/page"}],"author":[{"embeddable":true,"href":"https:\/\/lgontario.ca\/fr\/wp-json\/wp\/v2\/users\/1"}],"replies":[{"embeddable":true,"href":"https:\/\/lgontario.ca\/fr\/wp-json\/wp\/v2\/comments?post=519"}],"version-history":[{"count":9,"href":"https:\/\/lgontario.ca\/fr\/wp-json\/wp\/v2\/pages\/519\/revisions"}],"predecessor-version":[{"id":1787,"href":"https:\/\/lgontario.ca\/fr\/wp-json\/wp\/v2\/pages\/519\/revisions\/1787"}],"up":[{"embeddable":true,"href":"https:\/\/lgontario.ca\/fr\/wp-json\/wp\/v2\/pages\/381"}],"wp:featuredmedia":[{"embeddable":true,"href":"https:\/\/lgontario.ca\/fr\/wp-json\/wp\/v2\/media\/2222"}],"wp:attachment":[{"href":"https:\/\/lgontario.ca\/fr\/wp-json\/wp\/v2\/media?parent=519"}],"curies":[{"name":"wp","href":"https:\/\/api.w.org\/{rel}","templated":true}]}}