{"id":534,"date":"2025-06-17T12:52:17","date_gmt":"2025-06-17T16:52:17","guid":{"rendered":"https:\/\/hypelabs.dev\/lgo-new\/?page_id=534"},"modified":"2026-04-07T12:30:42","modified_gmt":"2026-04-07T16:30:42","slug":"anniversaires","status":"publish","type":"page","link":"https:\/\/lgontario.ca\/fr\/connect\/anniversaires\/","title":{"rendered":"Anniversaires"},"content":{"rendered":"<p>Chaque ann\u00e9e, la lieutenante-gouverneure envoie des milliers de v\u0153ux aux Ontariens et Ontariennes qui c\u00e9l\u00e8brent leur <strong>90e anniversaire de naissance ou plus<\/strong>, ainsi qu\u2019\u00e0 des couples qui c\u00e9l\u00e8brent <strong>50 ans ou plus de mariage ou d\u2019union<\/strong>.<\/p>\n<p>Veuillez remplir le formulaire de demande en ligne pour recevoir des v\u0153ux<br \/>\nd\u2019anniversaire :<\/p>\n<a href=\"https:\/\/greetings.lgontario.ca\/GreetingRequest.aspx?lang=fr\" target=\"_blank\" class=\"custom-wysiwyg-button\">FORMULAIRE DE DEMANDE DE V\u0152UX<\/a>\n<p>Les demandes sont accept\u00e9es jusqu\u2019\u00e0 six mois \u00e0 l\u2019avance. Les v\u0153ux seront envoy\u00e9s par la poste environ quatre semaines avant la date de c\u00e9l\u00e9bration ou la date de livraison souhait\u00e9e, selon la premi\u00e8re \u00e9ventualit\u00e9. Veuillez pr\u00e9voir un d\u00e9lai minimal de trois semaines avant la date \u00e0 laquelle vous souhaitez recevoir le message. Si l\u2019\u00e9v\u00e8nement a d\u00e9j\u00e0 eu lieu, le message peut \u00eatre antidat\u00e9 jusqu\u2019\u00e0 concurrence de six mois.<\/p>\n","protected":false},"excerpt":{"rendered":"<p>Chaque ann\u00e9e, la lieutenante-gouverneure envoie des milliers de v\u0153ux aux Ontariens et Ontariennes qui c\u00e9l\u00e8brent un anniversaire<\/p>\n","protected":false},"author":1,"featured_media":2138,"parent":434,"menu_order":30,"comment_status":"closed","ping_status":"closed","template":"","meta":{"_acf_changed":false,"footnotes":""},"class_list":["post-534","page","type-page","status-publish","has-post-thumbnail","hentry"],"acf":[],"_links":{"self":[{"href":"https:\/\/lgontario.ca\/fr\/wp-json\/wp\/v2\/pages\/534","targetHints":{"allow":["GET"]}}],"collection":[{"href":"https:\/\/lgontario.ca\/fr\/wp-json\/wp\/v2\/pages"}],"about":[{"href":"https:\/\/lgontario.ca\/fr\/wp-json\/wp\/v2\/types\/page"}],"author":[{"embeddable":true,"href":"https:\/\/lgontario.ca\/fr\/wp-json\/wp\/v2\/users\/1"}],"replies":[{"embeddable":true,"href":"https:\/\/lgontario.ca\/fr\/wp-json\/wp\/v2\/comments?post=534"}],"version-history":[{"count":10,"href":"https:\/\/lgontario.ca\/fr\/wp-json\/wp\/v2\/pages\/534\/revisions"}],"predecessor-version":[{"id":2520,"href":"https:\/\/lgontario.ca\/fr\/wp-json\/wp\/v2\/pages\/534\/revisions\/2520"}],"up":[{"embeddable":true,"href":"https:\/\/lgontario.ca\/fr\/wp-json\/wp\/v2\/pages\/434"}],"wp:featuredmedia":[{"embeddable":true,"href":"https:\/\/lgontario.ca\/fr\/wp-json\/wp\/v2\/media\/2138"}],"wp:attachment":[{"href":"https:\/\/lgontario.ca\/fr\/wp-json\/wp\/v2\/media?parent=534"}],"curies":[{"name":"wp","href":"https:\/\/api.w.org\/{rel}","templated":true}]}}