{"id":948,"date":"2025-02-25T16:27:19","date_gmt":"2025-02-25T21:27:19","guid":{"rendered":"https:\/\/hypelabs.dev\/lgo-new\/?page_id=948"},"modified":"2026-01-27T13:29:56","modified_gmt":"2026-01-27T18:29:56","slug":"role-communautaire","status":"publish","type":"page","link":"https:\/\/lgontario.ca\/fr\/apprendre\/role-communautaire\/","title":{"rendered":"R\u00f4le communautaire"},"content":{"rendered":"<p class=\"p2\">La lieutenante-gouverneure favorise l\u2019engagement civique et la fiert\u00e9 chez les personnes et les communaut\u00e9s de l\u2019ensemble de l\u2019Ontario.<\/p>\n<p class=\"p2\">Parmi les t\u00e2ches connexes, mentionnons les suivantes\u00a0:<\/p>\n<h2 class=\"p2\">Rendre visite aux Ontariennes et Ontariens<\/h2>\n<p class=\"p2\">La lieutenante-gouverneure m\u00e8ne demeure \u00e0 l&#8217;\u00e9coute des municipalit\u00e9s et des communaut\u00e9s autochtones de la province en s&#8217;informant de leurs aspirations et priorit\u00e9s vari\u00e9es, et en mettant en lumi\u00e8re les initiatives locales exemplaires des Ontariennes et Ontariens.<\/p>\n<p class=\"p2\">La lieutenante-gouverneure effectue r\u00e9guli\u00e8rement des visites officielles dans les municipalit\u00e9s, qui comprennent des rencontres de courtoisie avec les maires et les repr\u00e9sentants locaux. Ces visites peuvent \u00e9galement inclure des r\u00e9ceptions municipales et des tables rondes avec des r\u00e9sidents et des groupes communautaires pour discuter d&#8217;enjeux d&#8217;importance locale. Elles sont souvent planifi\u00e9es en fonction d&#8217;\u00e9v\u00e9nements locaux importants. Pour inviter la lieutenante-gouverneure dans votre communaut\u00e9, veuillez <a href=\"https:\/\/lgontario.ca\/fr\/apprendre\/visites-officielles\/\">consulter <\/a><span class=\"s1\">cette page.<\/span><\/p>\n<h2 class=\"p2\">Prix de la communaut\u00e9<\/h2>\n<p class=\"p2\">En plus de remettre des prix qui font partie du r\u00e9gime de distinctions honorifiques de l\u2019Ontario, la lieutenante-gouverneure s\u2019associe \u00e0 des organismes professionnels et \u00e0 but non lucratif, ainsi qu\u2019au gouvernement provincial, pour remettre et promouvoir des prix qui reconnaissent l\u2019excellence et le service. Pour en savoir plus, consultez la rubrique <a href=\"https:\/\/www.ontario.ca\/fr\/page\/distinctions-et-prix\" target=\"_blank\" rel=\"noopener\"><span class=\"s1\">Distinctions et prix<\/span><\/a>.<\/p>\n<h2 class=\"p2\">Soutenir l\u2019\u00e9quit\u00e9, la culture et le patrimoine<\/h2>\n<p class=\"p2\">La lieutenante-gouverneure s&#8217;emploie \u00e0 renforcer le sentiment d&#8217;appartenance des Ontariennes et Ontariens en encourageant la pr\u00e9servation du patrimoine et l&#8217;\u00e9panouissement des diverses cultures dans l&#8217;ensemble de la province. Par un vaste programme d&#8217;activit\u00e9s, elle encourage les Ontariennes et Ontariens \u00e0 b\u00e2tir ensemble des communaut\u00e9s plus solidaires et plus r\u00e9silientes, qu&#8217;elles soient fond\u00e9es sur un lieu, un int\u00e9r\u00eat commun ou un patrimoine culturel partag\u00e9.<\/p>\n<p class=\"p2\">Elle promeut r\u00e9guli\u00e8rement la citoyennet\u00e9 active en rencontrant des b\u00e9n\u00e9voles et des personnes engag\u00e9es dans le service public. Tirant parti de sa capacit\u00e9 unique \u00e0 rassembler des personnes de tous horizons, elle favorise l&#8217;\u00e9change d&#8217;information et l&#8217;\u00e9tablissement de partenariats au service de l&#8217;int\u00e9r\u00eat commun.<\/p>\n<p class=\"p2\">La lieutenante-gouverneure intervient aupr\u00e8s des jeunes Ontariennes et Ontariens en visitant des \u00e9coles, en s\u2019engageant aupr\u00e8s de groupes de jeunes et en rencontrant des participantes et participants \u00e0 des programmes de parlement simul\u00e9.<\/p>\n<p class=\"p2\">Elle continue \u00e9galement \u00e0 soutenir deux initiatives patrimoniales li\u00e9es \u00e0 des causes louables\u00a0: les Jeux Variety Village de la lieutenante-gouverneure (un \u00e9v\u00e9nement sportif d\u2019une journ\u00e9e pour les jeunes de toutes capacit\u00e9s, cr\u00e9\u00e9 par l\u2019honorable John Black Aird en\u00a01983) et les camps d\u2019\u00e9t\u00e9 de litt\u00e9racie pour les Autochtones, en partenariat avec les communaut\u00e9s autochtones. Ces camps ont \u00e9t\u00e9 \u00e9tablis par l\u2019honorable James Bartleman en\u00a02005 et sont administr\u00e9s par l\u2019organisme \u00e0 but non lucratif, Litt\u00e9ratie ensemble.<\/p>\n<h2 class=\"p2\">Patronage vice-royal<\/h2>\n<p class=\"p2\">La lieutenante-gouverneure soutient les organismes qui apportent une contribution exceptionnelle \u00e0 la soci\u00e9t\u00e9 civile. Elle accorde son patronage vice-royal \u00e0 un certain nombre d\u2019associations communautaires, caritatives, militaires et culturelles, ainsi qu\u2019\u00e0 des organismes de service public, en mettant en lumi\u00e8re leurs efforts et leurs r\u00e9alisations. Pour plus de renseignements, veuillez consulter la page relative au <a href=\"https:\/\/lgontario.ca\/fr\/connect\/patronage-dhonneur\/\">patronage vice-royal<\/a>.<\/p>\n","protected":false},"excerpt":{"rendered":"<p>La lieutenante-gouverneure contribue \u00e0 renforcer l&#8217;engagement civique et encourage les Ontariennes et Ontariens \u00e0 s&#8217;impliquer dans leur communaut\u00e9<\/p>\n","protected":false},"author":1,"featured_media":2224,"parent":381,"menu_order":20,"comment_status":"closed","ping_status":"closed","template":"","meta":{"_acf_changed":false,"footnotes":""},"class_list":["post-948","page","type-page","status-publish","has-post-thumbnail","hentry"],"acf":[],"_links":{"self":[{"href":"https:\/\/lgontario.ca\/fr\/wp-json\/wp\/v2\/pages\/948","targetHints":{"allow":["GET"]}}],"collection":[{"href":"https:\/\/lgontario.ca\/fr\/wp-json\/wp\/v2\/pages"}],"about":[{"href":"https:\/\/lgontario.ca\/fr\/wp-json\/wp\/v2\/types\/page"}],"author":[{"embeddable":true,"href":"https:\/\/lgontario.ca\/fr\/wp-json\/wp\/v2\/users\/1"}],"replies":[{"embeddable":true,"href":"https:\/\/lgontario.ca\/fr\/wp-json\/wp\/v2\/comments?post=948"}],"version-history":[{"count":14,"href":"https:\/\/lgontario.ca\/fr\/wp-json\/wp\/v2\/pages\/948\/revisions"}],"predecessor-version":[{"id":2156,"href":"https:\/\/lgontario.ca\/fr\/wp-json\/wp\/v2\/pages\/948\/revisions\/2156"}],"up":[{"embeddable":true,"href":"https:\/\/lgontario.ca\/fr\/wp-json\/wp\/v2\/pages\/381"}],"wp:featuredmedia":[{"embeddable":true,"href":"https:\/\/lgontario.ca\/fr\/wp-json\/wp\/v2\/media\/2224"}],"wp:attachment":[{"href":"https:\/\/lgontario.ca\/fr\/wp-json\/wp\/v2\/media?parent=948"}],"curies":[{"name":"wp","href":"https:\/\/api.w.org\/{rel}","templated":true}]}}